{"id":3787,"date":"2025-02-14T10:16:24","date_gmt":"2025-02-14T09:16:24","guid":{"rendered":"https:\/\/www.coeurscollectif.fr\/web\/?page_id=3787"},"modified":"2025-02-18T10:44:25","modified_gmt":"2025-02-18T09:44:25","slug":"equite","status":"publish","type":"page","link":"https:\/\/www.coeurscollectif.fr\/web\/equite\/","title":{"rendered":"Equit\u00e9"},"content":{"rendered":"<p>[vc_row parallax_image=\u00a0\u00bb3046&Prime; css=\u00a0\u00bb.vc_custom_1739525263671{margin-right: 5% !important;margin-left: 5% !important;background-image: url(https:\/\/www.coeurscollectif.fr\/web\/wp-content\/uploads\/2025\/02\/mains_ampoule_adapte.jpg?id=3791) !important;}\u00a0\u00bb el_class=\u00a0\u00bbfondfixe\u00a0\u00bb][vc_column width=\u00a0\u00bb1\/2&Prime; el_class=\u00a0\u00bbcc-container\u00a0\u00bb][vc_column_text]<\/p>\n<h1 style=\"text-align: center;\"><span style=\"font-size: 44px;\">Equit\u00e9<\/span><\/h1>\n<h2 style=\"text-align: center;\"><span style=\"font-size: 28px;\">Plusieurs c\u0153urs conscients pour l&rsquo;\u00e9mergence d&rsquo;une nouvelle soci\u00e9t\u00e9 !<\/span><\/h2>\n<p>[\/vc_column_text][vc_empty_space][vc_single_image image=\u00a0\u00bb3045&Prime; img_size=\u00a0\u00bbfull\u00a0\u00bb alignment=\u00a0\u00bbcenter\u00a0\u00bb el_class=\u00a0\u00bbonlymobile\u00a0\u00bb][vc_column_text]Le levier, l&rsquo;\u00e9quit\u00e9 !<\/p>\n<p>C&rsquo;est par cette d\u00e9marche d&rsquo;int\u00e9grit\u00e9 personnelle, d&rsquo;authenticit\u00e9 et d&rsquo;accueil de Soi et de l&rsquo;Autre, qu&rsquo;une nouvelle soci\u00e9t\u00e9 peut \u00e9merger d&rsquo;un autre espace.<\/p>\n<p>Au del\u00e0 de l&rsquo;accompagnement individuel, l&rsquo;intention de fond de C\u0153urs Collectif est de r\u00e9v\u00e9ler cette \u00e9quit\u00e9 entre les humains, car c&rsquo;est par cette porte qu&rsquo;une soci\u00e9t\u00e9 consciente peut voir le jour.<\/p>\n<p>Cela demande une grande rigueur personnelle de respect \u00e0 Soi-m\u00eame et de r\u00e9v\u00e9ler la posture juste vis-\u00e0-vis de l&rsquo;Autre.[\/vc_column_text][vc_empty_space]<div class=\"text-center id_169fb363e199461464573336   animate-text\"><a href=\"https:\/\/www.coeurscollectif.fr\/web\/initiatrice\/\"  class=\"btn btn-md btn-dark btn-solid \">\n\t\t\t\t<span class=\"btn-text\">Initiatrice<\/span>\n\t\t\t<\/a><\/div><div class=\"custom-styles\" data-styles=\".id_169fb363e199461464573336 .btn.btn-solid.custom:after { background-color: #ffb573; }\n\t\t\t.id_169fb363e199461464573336 .btn.btn-outline.custom:after { border-color: #ffb573; }\n\t\t\t.id_169fb363e199461464573336 .btn.custom.btn-underline:hover .btn-text:after { border-color:  #ffb573; }\"><\/div>[vc_empty_space][vc_empty_space][\/vc_column][vc_column width=\u00a0\u00bb1\/2&Prime;][\/vc_column][\/vc_row][vc_row full_width=\u00a0\u00bbstretch_row\u00a0\u00bb][vc_column][\/vc_column][\/vc_row]<\/p>\n","protected":false},"excerpt":{"rendered":"<p>[vc_row parallax_image=\u00a0\u00bb3046&Prime; css=\u00a0\u00bb.vc_custom_1739525263671{margin-right: 5% !important;margin-left: 5% !important;background-image: url(https:\/\/www.coeurscollectif.fr\/web\/wp-content\/uploads\/2025\/02\/mains_ampoule_adapte.jpg?id=3791) !important;}\u00a0\u00bb el_class=\u00a0\u00bbfondfixe\u00a0\u00bb][vc_column width=\u00a0\u00bb1\/2&Prime; el_class=\u00a0\u00bbcc-container\u00a0\u00bb][vc_column_text] Equit\u00e9 Plusieurs c\u0153urs conscients pour l&rsquo;\u00e9mergence d&rsquo;une nouvelle soci\u00e9t\u00e9 ! [\/vc_column_text][vc_empty_space][vc_single_image image=\u00a0\u00bb3045&Prime; img_size=\u00a0\u00bbfull\u00a0\u00bb alignment=\u00a0\u00bbcenter\u00a0\u00bb el_class=\u00a0\u00bbonlymobile\u00a0\u00bb][vc_column_text]Le levier, l&rsquo;\u00e9quit\u00e9 ! [&hellip;]<\/p>\n","protected":false},"author":2,"featured_media":0,"parent":0,"menu_order":0,"comment_status":"closed","ping_status":"closed","template":"","meta":{"footnotes":""},"class_list":["post-3787","page","type-page","status-publish","hentry"],"yoast_head":"<!-- This site is optimized with the Yoast SEO plugin v26.2 - https:\/\/yoast.com\/wordpress\/plugins\/seo\/ -->\n<title>Equit\u00e9 - C\u0153urs Collectif, agir \u00e0 partir de l&#039;Etre !<\/title>\n<meta name=\"description\" content=\"C\u2019est par cette d\u00e9marche d\u2019int\u00e9grit\u00e9 personnelle, d\u2019authenticit\u00e9 et d\u2019accueil de Soi et de l\u2019Autre, qu\u2019une nouvelle soci\u00e9t\u00e9 peut \u00e9merger d\u2019un autre espace.\" \/>\n<meta name=\"robots\" content=\"index, follow, max-snippet:-1, max-image-preview:large, max-video-preview:-1\" \/>\n<link rel=\"canonical\" href=\"https:\/\/www.coeurscollectif.fr\/web\/equite\/\" \/>\n<meta property=\"og:locale\" content=\"fr_FR\" \/>\n<meta property=\"og:type\" content=\"article\" \/>\n<meta property=\"og:title\" content=\"Equit\u00e9 - C\u0153urs Collectif, agir \u00e0 partir de l&#039;Etre !\" \/>\n<meta property=\"og:description\" content=\"C\u2019est par cette d\u00e9marche d\u2019int\u00e9grit\u00e9 personnelle, d\u2019authenticit\u00e9 et d\u2019accueil de Soi et de l\u2019Autre, qu\u2019une nouvelle soci\u00e9t\u00e9 peut \u00e9merger d\u2019un autre espace.\" \/>\n<meta property=\"og:url\" content=\"https:\/\/www.coeurscollectif.fr\/web\/equite\/\" \/>\n<meta property=\"og:site_name\" content=\"C\u0153urs Collectif\" \/>\n<meta property=\"article:publisher\" content=\"https:\/\/www.facebook.com\/coeurscollectif\" \/>\n<meta property=\"article:modified_time\" content=\"2025-02-18T09:44:25+00:00\" \/>\n<meta name=\"twitter:card\" content=\"summary_large_image\" \/>\n<meta name=\"twitter:label1\" content=\"Dur\u00e9e de lecture estim\u00e9e\" \/>\n\t<meta name=\"twitter:data1\" content=\"1 minute\" \/>\n<script type=\"application\/ld+json\" class=\"yoast-schema-graph\">{\"@context\":\"https:\/\/schema.org\",\"@graph\":[{\"@type\":\"WebPage\",\"@id\":\"https:\/\/www.coeurscollectif.fr\/web\/equite\/\",\"url\":\"https:\/\/www.coeurscollectif.fr\/web\/equite\/\",\"name\":\"Equit\u00e9 - C\u0153urs Collectif, agir \u00e0 partir de l'Etre !\",\"isPartOf\":{\"@id\":\"https:\/\/www.coeurscollectif.fr\/web\/#website\"},\"datePublished\":\"2025-02-14T09:16:24+00:00\",\"dateModified\":\"2025-02-18T09:44:25+00:00\",\"description\":\"C\u2019est par cette d\u00e9marche d\u2019int\u00e9grit\u00e9 personnelle, d\u2019authenticit\u00e9 et d\u2019accueil de Soi et de l\u2019Autre, qu\u2019une nouvelle soci\u00e9t\u00e9 peut \u00e9merger d\u2019un autre espace.\",\"breadcrumb\":{\"@id\":\"https:\/\/www.coeurscollectif.fr\/web\/equite\/#breadcrumb\"},\"inLanguage\":\"fr-FR\",\"potentialAction\":[{\"@type\":\"ReadAction\",\"target\":[\"https:\/\/www.coeurscollectif.fr\/web\/equite\/\"]}]},{\"@type\":\"BreadcrumbList\",\"@id\":\"https:\/\/www.coeurscollectif.fr\/web\/equite\/#breadcrumb\",\"itemListElement\":[{\"@type\":\"ListItem\",\"position\":1,\"name\":\"Accueil\",\"item\":\"https:\/\/www.coeurscollectif.fr\/web\/\"},{\"@type\":\"ListItem\",\"position\":2,\"name\":\"Equit\u00e9\"}]},{\"@type\":\"WebSite\",\"@id\":\"https:\/\/www.coeurscollectif.fr\/web\/#website\",\"url\":\"https:\/\/www.coeurscollectif.fr\/web\/\",\"name\":\"C\u0153urs Collectif\",\"description\":\"\",\"potentialAction\":[{\"@type\":\"SearchAction\",\"target\":{\"@type\":\"EntryPoint\",\"urlTemplate\":\"https:\/\/www.coeurscollectif.fr\/web\/?s={search_term_string}\"},\"query-input\":{\"@type\":\"PropertyValueSpecification\",\"valueRequired\":true,\"valueName\":\"search_term_string\"}}],\"inLanguage\":\"fr-FR\"}]}<\/script>\n<!-- \/ Yoast SEO plugin. -->","yoast_head_json":{"title":"Equit\u00e9 - C\u0153urs Collectif, agir \u00e0 partir de l'Etre !","description":"C\u2019est par cette d\u00e9marche d\u2019int\u00e9grit\u00e9 personnelle, d\u2019authenticit\u00e9 et d\u2019accueil de Soi et de l\u2019Autre, qu\u2019une nouvelle soci\u00e9t\u00e9 peut \u00e9merger d\u2019un autre espace.","robots":{"index":"index","follow":"follow","max-snippet":"max-snippet:-1","max-image-preview":"max-image-preview:large","max-video-preview":"max-video-preview:-1"},"canonical":"https:\/\/www.coeurscollectif.fr\/web\/equite\/","og_locale":"fr_FR","og_type":"article","og_title":"Equit\u00e9 - C\u0153urs Collectif, agir \u00e0 partir de l'Etre !","og_description":"C\u2019est par cette d\u00e9marche d\u2019int\u00e9grit\u00e9 personnelle, d\u2019authenticit\u00e9 et d\u2019accueil de Soi et de l\u2019Autre, qu\u2019une nouvelle soci\u00e9t\u00e9 peut \u00e9merger d\u2019un autre espace.","og_url":"https:\/\/www.coeurscollectif.fr\/web\/equite\/","og_site_name":"C\u0153urs Collectif","article_publisher":"https:\/\/www.facebook.com\/coeurscollectif","article_modified_time":"2025-02-18T09:44:25+00:00","twitter_card":"summary_large_image","twitter_misc":{"Dur\u00e9e de lecture estim\u00e9e":"1 minute"},"schema":{"@context":"https:\/\/schema.org","@graph":[{"@type":"WebPage","@id":"https:\/\/www.coeurscollectif.fr\/web\/equite\/","url":"https:\/\/www.coeurscollectif.fr\/web\/equite\/","name":"Equit\u00e9 - C\u0153urs Collectif, agir \u00e0 partir de l'Etre !","isPartOf":{"@id":"https:\/\/www.coeurscollectif.fr\/web\/#website"},"datePublished":"2025-02-14T09:16:24+00:00","dateModified":"2025-02-18T09:44:25+00:00","description":"C\u2019est par cette d\u00e9marche d\u2019int\u00e9grit\u00e9 personnelle, d\u2019authenticit\u00e9 et d\u2019accueil de Soi et de l\u2019Autre, qu\u2019une nouvelle soci\u00e9t\u00e9 peut \u00e9merger d\u2019un autre espace.","breadcrumb":{"@id":"https:\/\/www.coeurscollectif.fr\/web\/equite\/#breadcrumb"},"inLanguage":"fr-FR","potentialAction":[{"@type":"ReadAction","target":["https:\/\/www.coeurscollectif.fr\/web\/equite\/"]}]},{"@type":"BreadcrumbList","@id":"https:\/\/www.coeurscollectif.fr\/web\/equite\/#breadcrumb","itemListElement":[{"@type":"ListItem","position":1,"name":"Accueil","item":"https:\/\/www.coeurscollectif.fr\/web\/"},{"@type":"ListItem","position":2,"name":"Equit\u00e9"}]},{"@type":"WebSite","@id":"https:\/\/www.coeurscollectif.fr\/web\/#website","url":"https:\/\/www.coeurscollectif.fr\/web\/","name":"C\u0153urs Collectif","description":"","potentialAction":[{"@type":"SearchAction","target":{"@type":"EntryPoint","urlTemplate":"https:\/\/www.coeurscollectif.fr\/web\/?s={search_term_string}"},"query-input":{"@type":"PropertyValueSpecification","valueRequired":true,"valueName":"search_term_string"}}],"inLanguage":"fr-FR"}]}},"_links":{"self":[{"href":"https:\/\/www.coeurscollectif.fr\/web\/wp-json\/wp\/v2\/pages\/3787","targetHints":{"allow":["GET"]}}],"collection":[{"href":"https:\/\/www.coeurscollectif.fr\/web\/wp-json\/wp\/v2\/pages"}],"about":[{"href":"https:\/\/www.coeurscollectif.fr\/web\/wp-json\/wp\/v2\/types\/page"}],"author":[{"embeddable":true,"href":"https:\/\/www.coeurscollectif.fr\/web\/wp-json\/wp\/v2\/users\/2"}],"replies":[{"embeddable":true,"href":"https:\/\/www.coeurscollectif.fr\/web\/wp-json\/wp\/v2\/comments?post=3787"}],"version-history":[{"count":11,"href":"https:\/\/www.coeurscollectif.fr\/web\/wp-json\/wp\/v2\/pages\/3787\/revisions"}],"predecessor-version":[{"id":3801,"href":"https:\/\/www.coeurscollectif.fr\/web\/wp-json\/wp\/v2\/pages\/3787\/revisions\/3801"}],"wp:attachment":[{"href":"https:\/\/www.coeurscollectif.fr\/web\/wp-json\/wp\/v2\/media?parent=3787"}],"curies":[{"name":"wp","href":"https:\/\/api.w.org\/{rel}","templated":true}]}}