{"id":3311,"date":"2022-11-08T14:11:24","date_gmt":"2022-11-08T13:11:24","guid":{"rendered":"https:\/\/www.coeurscollectif.fr\/web\/?page_id=3311"},"modified":"2024-06-10T15:18:38","modified_gmt":"2024-06-10T13:18:38","slug":"politique-confidentialite","status":"publish","type":"page","link":"https:\/\/www.coeurscollectif.fr\/web\/politique-confidentialite\/","title":{"rendered":"Politique de confidentialit\u00e9"},"content":{"rendered":"<p>[vc_row css=\u00a0\u00bb.vc_custom_1667897045615{margin-right: 5% !important;margin-left: 5% !important;}\u00a0\u00bb el_class=\u00a0\u00bbfondfixe\u00a0\u00bb][vc_column el_class=\u00a0\u00bbcc-container\u00a0\u00bb][vc_empty_space height=\u00a0\u00bb100px\u00a0\u00bb][vc_column_text]<\/p>\n<h2 style=\"text-align: center;\">Politique de confidentialit\u00e9<\/h2>\n<p>[\/vc_column_text][vc_column_text]<span style=\"font-size: 22px;\"><strong>Article 1\u00a0: Pr\u00e9ambule<\/strong><\/span><\/p><p>La pr\u00e9sente politique de confidentialit\u00e9 a pour but d\u2019informer les utilisateurs du site :<\/p><ul>\n<li>Sur la mani\u00e8re dont sont collect\u00e9es leurs donn\u00e9es personnelles. Sont consid\u00e9r\u00e9es comme des donn\u00e9es personnelles, toute information permettant d\u2019identifier un utilisateur. A ce titre, il peut s\u2019agir : de ses noms et pr\u00e9noms, de son \u00e2ge, de son adresse postale ou email, de sa localisation ou encore de son adresse IP (liste non-exhaustive) ;<\/li>\n<li>Sur les droits dont ils disposent concernant ces donn\u00e9es ;<\/li>\n<li>Sur la personne responsable du traitement des donn\u00e9es \u00e0 caract\u00e8re personnel collect\u00e9es et trait\u00e9es ;<\/li>\n<li>Sur les destinataires de ces donn\u00e9es personnelles ;<\/li>\n<li>Sur la politique du site en mati\u00e8re de cookies.<\/li>\n<\/ul><p>Cette politique compl\u00e8te les mentions l\u00e9gales consultables par les utilisateurs \u00e0 l\u2019adresse suivante :<br \/>\n<a href=\"https:\/\/www.coeurscollectif.fr\/web\/mentions-legales\/\">https:\/\/www.coeurscollectif.fr\/web\/mentions-legales\/<\/a><\/p><p><span style=\"font-size: 22px;\"><strong>Article 2\u00a0: Principes relatifs \u00e0 la collecte et au traitement des donn\u00e9es personnelles <\/strong><\/span><\/p><p>Conform\u00e9ment \u00e0 l\u2019article 5 du R\u00e8glement europ\u00e9en 2016\/679, les donn\u00e9es \u00e0 caract\u00e8re personnel sont :<\/p><ul>\n<li>Trait\u00e9es de mani\u00e8re licite, loyale et transparente au regard de la personne concern\u00e9e ;<\/li>\n<li>Collect\u00e9es pour des finalit\u00e9s d\u00e9termin\u00e9es (cf. Article 3.1 des pr\u00e9sentes), explicites et l\u00e9gitimes, et ne pas \u00eatre trait\u00e9es ult\u00e9rieurement d&rsquo;une mani\u00e8re incompatible avec ces finalit\u00e9s ;<\/li>\n<li>Ad\u00e9quates, pertinentes et limit\u00e9es \u00e0 ce qui est n\u00e9cessaire au regard des finalit\u00e9s pour lesquelles elles sont trait\u00e9es ;<\/li>\n<li>Exactes et, si n\u00e9cessaire, tenues \u00e0 jour. Toutes les mesures raisonnables doivent \u00eatre prises pour que les donn\u00e9es \u00e0 caract\u00e8re personnel qui sont inexactes, eu \u00e9gard aux finalit\u00e9s pour lesquelles elles sont trait\u00e9es, soient effac\u00e9es ou rectifi\u00e9es sans tarder ;<\/li>\n<li>Conserv\u00e9es sous une forme permettant l&rsquo;identification des personnes concern\u00e9es pendant une dur\u00e9e n&rsquo;exc\u00e9dant pas celle n\u00e9cessaire au regard des finalit\u00e9s pour lesquelles elles sont trait\u00e9es ;<\/li>\n<li>Trait\u00e9es de fa\u00e7on \u00e0 garantir une s\u00e9curit\u00e9 appropri\u00e9e des donn\u00e9es collect\u00e9es, y compris la protection contre le traitement non autoris\u00e9 ou illicite et contre la perte, la destruction ou les d\u00e9g\u00e2ts d&rsquo;origine accidentelle, \u00e0 l&rsquo;aide de mesures techniques ou organisationnelles appropri\u00e9es.<\/li>\n<\/ul><p>Le traitement n&rsquo;est licite que si, et dans la mesure o\u00f9, au moins une des conditions suivantes est remplie :<\/p><ul>\n<li>La personne concern\u00e9e a consenti au traitement de ses donn\u00e9es \u00e0 caract\u00e8re personnel pour une ou plusieurs finalit\u00e9s sp\u00e9cifiques ;<\/li>\n<li>Le traitement est n\u00e9cessaire \u00e0 l&rsquo;ex\u00e9cution d&rsquo;un contrat auquel la personne concern\u00e9e est partie ou \u00e0 l&rsquo;ex\u00e9cution de mesures pr\u00e9contractuelles prises \u00e0 la demande de celle-ci ;<\/li>\n<li>Le traitement est n\u00e9cessaire au respect d&rsquo;une obligation l\u00e9gale \u00e0 laquelle le responsable du traitement est soumis ;<\/li>\n<li>Le traitement est n\u00e9cessaire \u00e0 la sauvegarde des int\u00e9r\u00eats vitaux de la personne concern\u00e9e ou d&rsquo;une autre personne physique ;<\/li>\n<li>Le traitement est n\u00e9cessaire \u00e0 l&rsquo;ex\u00e9cution d&rsquo;une mission d&rsquo;int\u00e9r\u00eat public ou relevant de l&rsquo;exercice de l&rsquo;autorit\u00e9 publique dont est investi le responsable du traitement ;<\/li>\n<li>Le traitement est n\u00e9cessaire aux fins des int\u00e9r\u00eats l\u00e9gitimes poursuivis par le responsable du traitement ou par un tiers, \u00e0 moins que ne pr\u00e9valent les int\u00e9r\u00eats ou les libert\u00e9s et droits fondamentaux de la personne concern\u00e9e qui exigent une protection des donn\u00e9es \u00e0 caract\u00e8re personnel, notamment lorsque la personne concern\u00e9e est un enfant.<\/li>\n<\/ul><p><span style=\"font-size: 22px;\"><strong>Article 3\u00a0: Donn\u00e9es \u00e0 caract\u00e8re personnel collect\u00e9es et trait\u00e9es dans le cadre de la navigation sur le site <\/strong><\/span><\/p><p><strong>3.1 : Donn\u00e9es collect\u00e9es et modes de collecte<\/strong><\/p><p>Les donn\u00e9es personnelles collect\u00e9es dans le cadre de notre activit\u00e9 sont les suivantes :<br \/>\nFormulaire de contact et e-mails collect\u00e9s au sein d\u2019une mailing liste pour la diffusion de la communication de C\u0153urs Collectif.<\/p><p>La collecte et le traitement de ces donn\u00e9es r\u00e9pond aux finalit\u00e9s suivantes :<\/p>\n<ul>\n<li>R\u00e9pondre aux demandes des visiteurs via les formulaires de contact et de r\u00e9servation<\/li>\n<li>Informer mes clients de l\u2019\u00e9volution des offres de services de C\u0153urs Collectif<\/li>\n<\/ul><p><strong>3.2 : Dur\u00e9e de conservation des donn\u00e9es<\/strong><\/p><p>Les donn\u00e9es collect\u00e9es sont conserv\u00e9es par le responsable du traitement dans des conditions raisonnables de s\u00e9curit\u00e9, pour une dur\u00e9e de : 6 ann\u00e9es.<\/p><p>La soci\u00e9t\u00e9 est susceptible de conserver certaines donn\u00e9es \u00e0 caract\u00e8re personnel au-del\u00e0 des d\u00e9lais annonc\u00e9s ci-dessus afin de remplir ses obligations l\u00e9gales ou r\u00e9glementaires.<\/p><p><strong>3.3 : H\u00e9bergement des donn\u00e9es <\/strong><\/p><p>Le site www.coeurscollectif.fr est h\u00e9berg\u00e9 par :<\/p><p>OVH<br \/>\n2 rue Kellermann &#8211; 59100 Roubaix &#8211; France<\/p>\n<p>Site web de l&rsquo;h\u00e9bergeur : <a href=\"https:\/\/www.ovhcloud.com\/fr\" target=\"_blank\" rel=\"noopener\">https:\/\/www.ovhcloud.com\/fr<\/a><br \/>\nPolitique de confidentialit\u00e9 de l&rsquo;h\u00e9bergeur : <a href=\"https:\/\/www.ovhcloud.com\/fr\/personal-data-protection\/\" target=\"_blank\" rel=\"noopener\">https:\/\/www.ovhcloud.com\/fr\/personal-data-protection\/<\/a><\/p><p><strong>3.4\u00a0: Protection et sauvegarde des donn\u00e9es<\/strong><\/p><p>Les donn\u00e9es sont prot\u00e9g\u00e9es gr\u00e2ce \u00e0 ces mesures de protection\u00a0: utilisation de plugins de s\u00e9curit\u00e9 sur le site internet et utilisation de mots de passe forts.<\/p><p>Les donn\u00e9es sont r\u00e9guli\u00e8rement sauvegard\u00e9es :<\/p>\n<ul>\n<li>Sauvegardes automatiques r\u00e9guli\u00e8res du site internet sur Google Drive.<\/li>\n<li>Sauvegardes r\u00e9guli\u00e8res sur ActiveCampaign (mailing liste) et sur OneDrive (adresses mail).<\/li>\n<\/ul>\n<p>R\u00e8gles de confidentialit\u00e9 et conditions d&rsquo;utilisation de Google : <a href=\"https:\/\/policies.google.com\/privacy?hl=fr\" target=\"_blank\" rel=\"noopener\">https:\/\/policies.google.com\/privacy?hl=fr<\/a><\/p>\n<p>Mentions l\u00e9gales d&rsquo;Active Campaign : <a href=\"https:\/\/www.activecampaign.com\/fr\/legal\" target=\"_blank\" rel=\"noopener\">https:\/\/www.activecampaign.com\/fr\/legal<\/a><br \/>\nPolitique de confidentialit\u00e9 d&rsquo;ActiveCampaign : <a href=\"https:\/\/www.activecampaign.com\/legal\/privacy-policy\" target=\"_blank\" rel=\"noopener\">https:\/\/www.activecampaign.com\/legal\/privacy-policy<\/a><\/p>\n<p>Politique de confidentialit\u00e9 de Microsoft (OneDrive) : <a href=\"https:\/\/privacy.microsoft.com\/fr-fr\/privacystatement\" target=\"_blank\" rel=\"noopener\">https:\/\/privacy.microsoft.com\/fr-fr\/privacystatement<\/a><br \/>\nConditions d&rsquo;utilisation et politique de s\u00e9curit\u00e9 de Microsoft (OneDrive) : <a href=\"https:\/\/www.microsoft.com\/fr-fr\/legal\/terms-of-use\" target=\"_blank\" rel=\"noopener\">https:\/\/www.microsoft.com\/fr-fr\/legal\/terms-of-use<\/a><\/p><p><strong>3.5 : Transmission des donn\u00e9es \u00e0 des tiers <\/strong><\/p><p>Les donn\u00e9es peuvent \u00eatre transmises \u00e0 nos partenaires, ci-apr\u00e8s \u00e9num\u00e9r\u00e9s :<\/p><ul>\n<li>OVH (pour l&rsquo;h\u00e9bergement du site web) &#8211; France<\/li>\n<li>Google Drive (pour le site internet) &#8211; Etats-Unis<\/li>\n<li>ActiveCampaign (pour la mailing-liste) &#8211; Etats-Unis<\/li>\n<li>Microsoft OneDrive (pour les sauvegardes des adresses mail) &#8211; Etats-Unis<\/li>\n<\/ul><p><span style=\"font-size: 22px;\"><strong>Article 4\u00a0: Politique en mati\u00e8re de \u201ccookies\u201d<\/strong><\/span><\/p><p><strong>4.1\u00a0: D\u00e9finition de la CNIL<\/strong><\/p><p>\u00ab\u00a0Un cookie est un petit fichier stock\u00e9 par un serveur dans le terminal (ordinateur, t\u00e9l\u00e9phone, etc.) d\u2019un utilisateur et associ\u00e9 \u00e0 un domaine web (c\u2019est \u00e0 dire dans la majorit\u00e9 des cas \u00e0 l\u2019ensemble des pages d\u2019un m\u00eame site web).\u00a0 Ce fichier est automatiquement renvoy\u00e9 lors de contacts ult\u00e9rieurs avec le m\u00eame domaine.<\/p>\n<p>Les cookies ont de multiples usages : ils peuvent servir \u00e0 m\u00e9moriser votre identifiant client aupr\u00e8s d&rsquo;un site marchand, le contenu courant de votre panier d&rsquo;achat, la langue d\u2019affichage de la page web, un identifiant permettant de tracer votre navigation \u00e0 des fins statistiques ou publicitaires, etc. Certains de ces usages sont strictement n\u00e9cessaires aux fonctionnalit\u00e9s express\u00e9ment demand\u00e9es par l\u2019utilisateur ou bien \u00e0 l\u2019\u00e9tablissement de la communication et donc exempt\u00e9s de consentement. D\u2019autres, qui ne correspondent pas \u00e0 ces crit\u00e8res, n\u00e9cessitent un consentement de l\u2019utilisateur avant lecture ou \u00e9criture.\u00a0\u00bb<\/p><p>Source et d\u00e9finition compl\u00e8te\u00a0: <a href=\"http:\/\/www.cnil.fr\/fr\/definition\/cookie\">www.cnil.fr\/fr\/definition\/cookie<\/a><\/p><p><strong>4.2\u00a0: Cookies utilis\u00e9s<\/strong><\/p><p><strong>Cookies techniques ou fonctionnels\u00a0:<\/strong><\/p><p>Cookies utilis\u00e9s : cookies li\u00e9s au fonctionnement de WordPress.<\/p>\n<p>Ces cookies sont utilis\u00e9s pour assurer le bon fonctionnement du site internet. Ils peuvent donc \u00eatre d\u00e9pos\u00e9s sans votre consentement.<\/p><p><strong>Cookies statistiques\u00a0:<\/strong><\/p><p>Cookies utilis\u00e9s : cookies li\u00e9s \u00e0 l\u2019outil de statistiques Slimstat Analytics, afin d&rsquo;analyser la fr\u00e9quentation du site web.<\/p>\n<h2><\/h2>\n<p><strong>4.3 : Activer\/d\u00e9sactiver et supprimer les cookies via le navigateur Internet<\/strong><\/p><p>Vous pouvez utiliser votre navigateur Internet pour supprimer automatiquement ou manuellement les cookies. Vous pouvez \u00e9galement sp\u00e9cifier que certains cookies ne peuvent pas \u00eatre plac\u00e9s, ou recevoir un message \u00e0 chaque fois qu\u2019un cookie est plac\u00e9. Pour plus d\u2019information sur ces options, reportez-vous aux instructions de la section Aide de votre navigateur, et saisissez \u00ab\u00a0cookies\u00a0\u00bb dans la barre de recherche de la section Aide.<\/p><p>Veuillez noter que le site web peut ne pas fonctionner correctement si tous les cookies sont d\u00e9sactiv\u00e9s. Si vous supprimez les cookies dans votre navigateur, ils seront de nouveau plac\u00e9s apr\u00e8s votre consentement lorsque vous revisiterez le site web.<\/p><p><strong>4.4 : Activer\/d\u00e9sactiver l\u2019option \u201cDo not track\u201d<\/strong><\/p><p>Vous pouvez activer ou d\u00e9sactiver l\u2019option \u00ab\u00a0Do not track\u00a0\u00bb directement dans votre navigateur, pour emp\u00eacher les sites web de tracker vos connexions. Pour plus d\u2019information sur cette option, reportez-vous aux instructions de la section Aide de votre navigateur, et saisissez \u00ab\u00a0do not track\u00a0\u00bb dans la barre de recherche de la section Aide.<\/p><p>Veuillez noter que le site web peut ne pas fonctionner correctement si tous les trackers sont d\u00e9sactiv\u00e9s.<\/p><p><strong>4.5 : Nous contacter<\/strong><\/p><p>Pour des questions et\/ou des commentaires sur la politique de cookies, veuillez nous contacter\u00a0:<\/p><p>Par courrier \u00e0 l\u2019adresse : C\u00e9cile Priou, 3 rue du colonel Beltrame 11190 Luc-Sur-Aude<br \/>\nPar t\u00e9l\u00e9phone, au 06 70 95 62 41<br \/>\nPar mail : <a href=\"mailto:cecilepriou@coeurscollectif.fr\">cecilepriou@coeurscollectif.fr<\/a><\/p><p><span style=\"font-size: 22px;\"><strong>Article 5\u00a0: Le responsable du traitement des donn\u00e9es et le D\u00e9l\u00e9gu\u00e9 \u00e0 la Protection des Donn\u00e9es <\/strong><\/span><\/p><p><strong>5.1 : Le responsable du traitement des donn\u00e9es\u00a0 <\/strong><\/p><p>Les donn\u00e9es \u00e0 caract\u00e8re personnelles sont collect\u00e9es par C\u00e9cile Priou \/ C\u0153urs Collectif, entrepreneur individuel, situ\u00e9 \u00e0 Luc-Sur-Aude, France, dont le num\u00e9ro d\u2019immatriculation est le 79768823100027.<\/p><p>Le responsable du traitement des donn\u00e9es \u00e0 caract\u00e8re personnel peut \u00eatre contact\u00e9 de la mani\u00e8re suivante :<\/p><p>Par courrier \u00e0 l\u2019adresse : C\u00e9cile Priou, 3 rue du colonel Beltrame, 11190 Luc-Sur-Aude<br \/>\nPar t\u00e9l\u00e9phone, au 06 70 95 62 41<br \/>\nPar mail : <a href=\"mailto:cecilepriou@coeurscollectif.fr\">cecilepriou@coeurscollectif.fr<\/a><\/p><p><strong>5.2 : Le D\u00e9l\u00e9gu\u00e9 \u00e0 la Protection des Donn\u00e9es <\/strong><\/p>\n<p>Le d\u00e9l\u00e9gu\u00e9 \u00e0 la protection des donn\u00e9es de l\u2019entreprise ou du responsable est :<\/p>\n<p>C\u00e9cile Priou<br \/>\n3 rue du colonel Beltrame, 11190 Luc-Sur-Aude<br \/>\nT\u00e9l : 06 70 95 62 41<br \/>\nMail : <a href=\"mailto:cecilepriou@coeurscollectif.fr\">cecilepriou@coeurscollectif.fr<\/a><\/p><p><span style=\"font-size: 22px;\"><strong>Article 6\u00a0: Les droits de l\u2019utilisateur en mati\u00e8re de collecte et de traitement des donn\u00e9es <\/strong><\/span><\/p><p>Tout utilisateur concern\u00e9 par le traitement de ses donn\u00e9es personnelles peut se pr\u00e9valoir des droits suivants, en application du r\u00e8glement europ\u00e9en 2016\/679 et de la Loi Informatique et Libert\u00e9 (Loi 78-17 du 6 janvier 1978) :<\/p><ul>\n<li>Droit d\u2019acc\u00e8s, de rectification et droit \u00e0 l\u2019effacement des donn\u00e9es (pos\u00e9s respectivement aux articles 15, 16 et 17 du RGPD)<\/li>\n<li>Droit \u00e0 la portabilit\u00e9 des donn\u00e9es (article 20 du RGPD)<\/li>\n<li>Droit \u00e0 la limitation (article 18 du RGPD) et \u00e0 l\u2019opposition du traitement des donn\u00e9es (article 21 du RGPD)<\/li>\n<li>Droit de ne pas faire l\u2019objet d\u2019une d\u00e9cision fond\u00e9e exclusivement sur un proc\u00e9d\u00e9 automatis\u00e9<\/li>\n<li>Droit de d\u00e9terminer le sort des donn\u00e9es apr\u00e8s la mort<\/li>\n<li>Droit de saisir l\u2019autorit\u00e9 de contr\u00f4le comp\u00e9tente (article 77 du RGPD)<\/li>\n<\/ul><p><span style=\"font-size: 22px;\"><strong>Article 7\u00a0: Comment exercer vos droits<\/strong><\/span><\/p>\n<p>Pour vous d\u00e9sabonner des envois des emails, il suffit de cliquer sur \u00ab\u00a0Unsubscribe\u00a0\u00bb dans chaque bas d&#8217;email de communication envoy\u00e9.<\/p>\n<p>Pour exercer vos droits, veuillez adresser votre courrier \u00e0 C\u00e9cile Priou \/ C\u0153urs Collectif, 3 rue du colonel Beltrame, 11190 Luc-Sur-Aude ou votre mail \u00e0 <a href=\"mailto:cecilepriou@coeurscollectif.fr\">cecilepriou@coeurscollectif.fr<\/a>.<\/p><p>Afin que le responsable du traitement des donn\u00e9es puisse faire droit \u00e0 sa demande, l\u2019utilisateur peut \u00eatre tenu de lui communiquer certaines informations telles que : ses noms et pr\u00e9noms, son adresse e-mail ainsi que son num\u00e9ro de compte, d\u2019espace personnel ou d\u2019abonn\u00e9.<\/p><p>Si vous estimez, apr\u00e8s nous avoir contact\u00e9s, que vos droits ne sont pas respect\u00e9s, vous pouvez adresser une information \u00e0 la CNIL par courrier (CNIL &#8211; 3 Place de Fontenoy &#8211; TSA 80715 &#8211; 75334 PARIS CEDEX 07), sur son site Internet (<a href=\"https:\/\/www.cnil.fr\" target=\"_blank\" rel=\"noopener\">www.cnil.fr<\/a>), ou aupr\u00e8s de l&rsquo;autorit\u00e9 de protection des donn\u00e9es du pays dans lequel vous r\u00e9sidez ou travaillez habituellement.<\/p><p><span style=\"font-size: 22px;\"><strong>Article 8\u00a0: Conditions de modification de la politique de confidentialit\u00e9<\/strong><\/span><\/p>\n<p>L\u2019\u00e9diteur du site www.coeurscollectif.fr se r\u00e9serve le droit de pouvoir modifier la pr\u00e9sente Politique \u00e0 tout moment afin d\u2019assurer aux utilisateurs du site sa conformit\u00e9 avec le droit en vigueur.<\/p><p>Les \u00e9ventuelles modifications ne sauraient avoir d\u2019incidence sur les achats ant\u00e9rieurement effectu\u00e9s sur le site, lesquels restent soumis \u00e0 la Politique en vigueur au moment de l\u2019achat et telle qu\u2019accept\u00e9e par l\u2019utilisateur lors de la validation de l\u2019achat.<\/p><p>L\u2019utilisateur est invit\u00e9 \u00e0 prendre connaissance de cette Politique \u00e0 chaque fois qu\u2019il utilise nos services, sans qu\u2019il soit n\u00e9cessaire de l\u2019en pr\u00e9venir formellement.<\/p><p>La pr\u00e9sente politique, \u00e9dit\u00e9e le 10 novembre 2022, a \u00e9t\u00e9 mise \u00e0 jour le 24 novembre 2022.<\/p><p><strong>Politique de confidentialit\u00e9 r\u00e9dig\u00e9e et adapt\u00e9e \u00e0 partir du mod\u00e8le disponible sur le site <a href=\"https:\/\/www.legalplace.fr\/\" target=\"_blank\" rel=\"noopener\">LegalPlace.fr<\/a><\/strong>[\/vc_column_text][\/vc_column][\/vc_row]<\/p>\n","protected":false},"excerpt":{"rendered":"<p>[vc_row css=\u00a0\u00bb.vc_custom_1667897045615{margin-right: 5% !important;margin-left: 5% !important;}\u00a0\u00bb el_class=\u00a0\u00bbfondfixe\u00a0\u00bb][vc_column el_class=\u00a0\u00bbcc-container\u00a0\u00bb][vc_empty_space height=\u00a0\u00bb100px\u00a0\u00bb][vc_column_text] Politique de confidentialit\u00e9 [\/vc_column_text][vc_column_text]Article 1\u00a0: Pr\u00e9ambuleLa pr\u00e9sente politique de confidentialit\u00e9 a pour but d\u2019informer les utilisateurs du site : Sur la [&hellip;]<\/p>\n","protected":false},"author":2,"featured_media":0,"parent":0,"menu_order":0,"comment_status":"closed","ping_status":"closed","template":"","meta":{"footnotes":""},"class_list":["post-3311","page","type-page","status-publish","hentry"],"yoast_head":"<!-- This site is optimized with the Yoast SEO plugin v26.2 - https:\/\/yoast.com\/wordpress\/plugins\/seo\/ -->\n<title>Politique de confidentialit\u00e9 - C\u0153urs Collectif, agir \u00e0 partir de l&#039;Etre !<\/title>\n<meta name=\"description\" content=\"La politique de confidentialit\u00e9 a pour but d\u2019informer les utilisateurs du site sur la mani\u00e8re dont sont collect\u00e9es leurs donn\u00e9es personnelles.\" \/>\n<meta name=\"robots\" content=\"index, follow, max-snippet:-1, max-image-preview:large, max-video-preview:-1\" \/>\n<link rel=\"canonical\" href=\"https:\/\/www.coeurscollectif.fr\/web\/politique-confidentialite\/\" \/>\n<meta property=\"og:locale\" content=\"fr_FR\" \/>\n<meta property=\"og:type\" content=\"article\" \/>\n<meta property=\"og:title\" content=\"Politique de confidentialit\u00e9 - C\u0153urs Collectif, agir \u00e0 partir de l&#039;Etre !\" \/>\n<meta property=\"og:description\" content=\"La politique de confidentialit\u00e9 a pour but d\u2019informer les utilisateurs du site sur la mani\u00e8re dont sont collect\u00e9es leurs donn\u00e9es personnelles.\" \/>\n<meta property=\"og:url\" content=\"https:\/\/www.coeurscollectif.fr\/web\/politique-confidentialite\/\" \/>\n<meta property=\"og:site_name\" content=\"C\u0153urs Collectif\" \/>\n<meta property=\"article:publisher\" content=\"https:\/\/www.facebook.com\/coeurscollectif\" \/>\n<meta property=\"article:modified_time\" content=\"2024-06-10T13:18:38+00:00\" \/>\n<meta name=\"twitter:card\" content=\"summary_large_image\" \/>\n<meta name=\"twitter:label1\" content=\"Dur\u00e9e de lecture estim\u00e9e\" \/>\n\t<meta name=\"twitter:data1\" content=\"10 minutes\" \/>\n<script type=\"application\/ld+json\" class=\"yoast-schema-graph\">{\"@context\":\"https:\/\/schema.org\",\"@graph\":[{\"@type\":\"WebPage\",\"@id\":\"https:\/\/www.coeurscollectif.fr\/web\/politique-confidentialite\/\",\"url\":\"https:\/\/www.coeurscollectif.fr\/web\/politique-confidentialite\/\",\"name\":\"Politique de confidentialit\u00e9 - C\u0153urs Collectif, agir \u00e0 partir de l'Etre !\",\"isPartOf\":{\"@id\":\"https:\/\/www.coeurscollectif.fr\/web\/#website\"},\"datePublished\":\"2022-11-08T13:11:24+00:00\",\"dateModified\":\"2024-06-10T13:18:38+00:00\",\"description\":\"La politique de confidentialit\u00e9 a pour but d\u2019informer les utilisateurs du site sur la mani\u00e8re dont sont collect\u00e9es leurs donn\u00e9es personnelles.\",\"breadcrumb\":{\"@id\":\"https:\/\/www.coeurscollectif.fr\/web\/politique-confidentialite\/#breadcrumb\"},\"inLanguage\":\"fr-FR\",\"potentialAction\":[{\"@type\":\"ReadAction\",\"target\":[\"https:\/\/www.coeurscollectif.fr\/web\/politique-confidentialite\/\"]}]},{\"@type\":\"BreadcrumbList\",\"@id\":\"https:\/\/www.coeurscollectif.fr\/web\/politique-confidentialite\/#breadcrumb\",\"itemListElement\":[{\"@type\":\"ListItem\",\"position\":1,\"name\":\"Accueil\",\"item\":\"https:\/\/www.coeurscollectif.fr\/web\/\"},{\"@type\":\"ListItem\",\"position\":2,\"name\":\"Politique de confidentialit\u00e9\"}]},{\"@type\":\"WebSite\",\"@id\":\"https:\/\/www.coeurscollectif.fr\/web\/#website\",\"url\":\"https:\/\/www.coeurscollectif.fr\/web\/\",\"name\":\"C\u0153urs Collectif\",\"description\":\"\",\"potentialAction\":[{\"@type\":\"SearchAction\",\"target\":{\"@type\":\"EntryPoint\",\"urlTemplate\":\"https:\/\/www.coeurscollectif.fr\/web\/?s={search_term_string}\"},\"query-input\":{\"@type\":\"PropertyValueSpecification\",\"valueRequired\":true,\"valueName\":\"search_term_string\"}}],\"inLanguage\":\"fr-FR\"}]}<\/script>\n<!-- \/ Yoast SEO plugin. -->","yoast_head_json":{"title":"Politique de confidentialit\u00e9 - C\u0153urs Collectif, agir \u00e0 partir de l'Etre !","description":"La politique de confidentialit\u00e9 a pour but d\u2019informer les utilisateurs du site sur la mani\u00e8re dont sont collect\u00e9es leurs donn\u00e9es personnelles.","robots":{"index":"index","follow":"follow","max-snippet":"max-snippet:-1","max-image-preview":"max-image-preview:large","max-video-preview":"max-video-preview:-1"},"canonical":"https:\/\/www.coeurscollectif.fr\/web\/politique-confidentialite\/","og_locale":"fr_FR","og_type":"article","og_title":"Politique de confidentialit\u00e9 - C\u0153urs Collectif, agir \u00e0 partir de l'Etre !","og_description":"La politique de confidentialit\u00e9 a pour but d\u2019informer les utilisateurs du site sur la mani\u00e8re dont sont collect\u00e9es leurs donn\u00e9es personnelles.","og_url":"https:\/\/www.coeurscollectif.fr\/web\/politique-confidentialite\/","og_site_name":"C\u0153urs Collectif","article_publisher":"https:\/\/www.facebook.com\/coeurscollectif","article_modified_time":"2024-06-10T13:18:38+00:00","twitter_card":"summary_large_image","twitter_misc":{"Dur\u00e9e de lecture estim\u00e9e":"10 minutes"},"schema":{"@context":"https:\/\/schema.org","@graph":[{"@type":"WebPage","@id":"https:\/\/www.coeurscollectif.fr\/web\/politique-confidentialite\/","url":"https:\/\/www.coeurscollectif.fr\/web\/politique-confidentialite\/","name":"Politique de confidentialit\u00e9 - C\u0153urs Collectif, agir \u00e0 partir de l'Etre !","isPartOf":{"@id":"https:\/\/www.coeurscollectif.fr\/web\/#website"},"datePublished":"2022-11-08T13:11:24+00:00","dateModified":"2024-06-10T13:18:38+00:00","description":"La politique de confidentialit\u00e9 a pour but d\u2019informer les utilisateurs du site sur la mani\u00e8re dont sont collect\u00e9es leurs donn\u00e9es personnelles.","breadcrumb":{"@id":"https:\/\/www.coeurscollectif.fr\/web\/politique-confidentialite\/#breadcrumb"},"inLanguage":"fr-FR","potentialAction":[{"@type":"ReadAction","target":["https:\/\/www.coeurscollectif.fr\/web\/politique-confidentialite\/"]}]},{"@type":"BreadcrumbList","@id":"https:\/\/www.coeurscollectif.fr\/web\/politique-confidentialite\/#breadcrumb","itemListElement":[{"@type":"ListItem","position":1,"name":"Accueil","item":"https:\/\/www.coeurscollectif.fr\/web\/"},{"@type":"ListItem","position":2,"name":"Politique de confidentialit\u00e9"}]},{"@type":"WebSite","@id":"https:\/\/www.coeurscollectif.fr\/web\/#website","url":"https:\/\/www.coeurscollectif.fr\/web\/","name":"C\u0153urs Collectif","description":"","potentialAction":[{"@type":"SearchAction","target":{"@type":"EntryPoint","urlTemplate":"https:\/\/www.coeurscollectif.fr\/web\/?s={search_term_string}"},"query-input":{"@type":"PropertyValueSpecification","valueRequired":true,"valueName":"search_term_string"}}],"inLanguage":"fr-FR"}]}},"_links":{"self":[{"href":"https:\/\/www.coeurscollectif.fr\/web\/wp-json\/wp\/v2\/pages\/3311","targetHints":{"allow":["GET"]}}],"collection":[{"href":"https:\/\/www.coeurscollectif.fr\/web\/wp-json\/wp\/v2\/pages"}],"about":[{"href":"https:\/\/www.coeurscollectif.fr\/web\/wp-json\/wp\/v2\/types\/page"}],"author":[{"embeddable":true,"href":"https:\/\/www.coeurscollectif.fr\/web\/wp-json\/wp\/v2\/users\/2"}],"replies":[{"embeddable":true,"href":"https:\/\/www.coeurscollectif.fr\/web\/wp-json\/wp\/v2\/comments?post=3311"}],"version-history":[{"count":1,"href":"https:\/\/www.coeurscollectif.fr\/web\/wp-json\/wp\/v2\/pages\/3311\/revisions"}],"predecessor-version":[{"id":3553,"href":"https:\/\/www.coeurscollectif.fr\/web\/wp-json\/wp\/v2\/pages\/3311\/revisions\/3553"}],"wp:attachment":[{"href":"https:\/\/www.coeurscollectif.fr\/web\/wp-json\/wp\/v2\/media?parent=3311"}],"curies":[{"name":"wp","href":"https:\/\/api.w.org\/{rel}","templated":true}]}}