{"id":3127,"date":"2022-10-26T10:29:34","date_gmt":"2022-10-26T08:29:34","guid":{"rendered":"https:\/\/www.coeurscollectif.fr\/web\/?page_id=3127"},"modified":"2025-02-18T10:39:34","modified_gmt":"2025-02-18T09:39:34","slug":"accueil","status":"publish","type":"page","link":"https:\/\/www.coeurscollectif.fr\/web\/","title":{"rendered":"Accueil"},"content":{"rendered":"<p>[vc_row el_id=\u00a0\u00bbresume\u00a0\u00bb css=\u00a0\u00bb.vc_custom_1666779602358{margin-right: 5% !important;margin-left: 5% !important;background-image: url(https:\/\/www.coeurscollectif.fr\/web\/wp-content\/uploads\/2022\/10\/formes_geometrique_adapte.jpg?id=3159) !important;}\u00a0\u00bb el_class=\u00a0\u00bbfondfixe\u00a0\u00bb][vc_column width=\u00a0\u00bb1\/2&Prime; el_class=\u00a0\u00bbcc-container\u00a0\u00bb][vc_column_text]<\/p>\n<h1 style=\"text-align: center;\"><span style=\"font-size: 44px;\">C\u0153urs Collectif<\/span><\/h1>\n<h2 style=\"text-align: center;\"><span style=\"font-size: 28px;\">Agir \u00e0 partir de l&rsquo;Etre !<\/span><\/h2>\n<p>[\/vc_column_text][vc_single_image image=\u00a0\u00bb3158&Prime; img_size=\u00a0\u00bbfull\u00a0\u00bb alignment=\u00a0\u00bbcenter\u00a0\u00bb el_class=\u00a0\u00bbonlymobile\u00a0\u00bb][vc_empty_space][vc_column_text]C&rsquo;est la conscience qui SAIT dans l&rsquo;instant ce qui est le plus juste pour nous. D&rsquo;instant en instant, comment lui laisser la place premi\u00e8re pour qu&rsquo;elle nous r\u00e9v\u00e8le spontan\u00e9ment ce qui est le plus juste pour nous-m\u00eame.<\/p>\n<p>C\u0153urs Collectif \u0153uvre pour r\u00e9v\u00e9ler ce qui est le plus pertinent dans l&rsquo;instant avec vous gr\u00e2ce \u00e0 une relation en \u00e9quit\u00e9.<\/p>\n<p>[\/vc_column_text][vc_empty_space]<div class=\"text-center id_169fb2882ad5471706363467   animate-text\"><a href=\"https:\/\/www.coeurscollectif.fr\/web\/seance-individuelle\/\"  class=\"btn btn-md btn-dark btn-solid \">\n\t\t\t\t<span class=\"btn-text\">S\u00e9ance individuelle<\/span>\n\t\t\t<\/a><\/div><div class=\"custom-styles\" data-styles=\".id_169fb2882ad5471706363467 .btn.btn-solid.custom:after { background-color: #ffb573; }\n\t\t\t.id_169fb2882ad5471706363467 .btn.btn-outline.custom:after { border-color: #ffb573; }\n\t\t\t.id_169fb2882ad5471706363467 .btn.custom.btn-underline:hover .btn-text:after { border-color:  #ffb573; }\"><\/div>[vc_empty_space][vc_empty_space][\/vc_column][\/vc_row]<\/p>\n","protected":false},"excerpt":{"rendered":"<p>[vc_row el_id=\u00a0\u00bbresume\u00a0\u00bb css=\u00a0\u00bb.vc_custom_1666779602358{margin-right: 5% !important;margin-left: 5% !important;background-image: url(https:\/\/www.coeurscollectif.fr\/web\/wp-content\/uploads\/2022\/10\/formes_geometrique_adapte.jpg?id=3159) !important;}\u00a0\u00bb el_class=\u00a0\u00bbfondfixe\u00a0\u00bb][vc_column width=\u00a0\u00bb1\/2&Prime; el_class=\u00a0\u00bbcc-container\u00a0\u00bb][vc_column_text] C\u0153urs Collectif Agir \u00e0 partir de l&rsquo;Etre ! [\/vc_column_text][vc_single_image image=\u00a0\u00bb3158&Prime; img_size=\u00a0\u00bbfull\u00a0\u00bb alignment=\u00a0\u00bbcenter\u00a0\u00bb el_class=\u00a0\u00bbonlymobile\u00a0\u00bb][vc_empty_space][vc_column_text]C&rsquo;est la conscience qui SAIT dans [&hellip;]<\/p>\n","protected":false},"author":2,"featured_media":0,"parent":0,"menu_order":0,"comment_status":"closed","ping_status":"closed","template":"","meta":{"footnotes":""},"class_list":["post-3127","page","type-page","status-publish","hentry"],"yoast_head":"<!-- This site is optimized with the Yoast SEO plugin v26.2 - https:\/\/yoast.com\/wordpress\/plugins\/seo\/ -->\n<title>Accueil - C\u0153urs Collectif, agir \u00e0 partir de l&#039;Etre !<\/title>\n<meta name=\"description\" content=\"C\u0153urs Collectif vous propose des s\u00e9ances individuelles pour exp\u00e9rimenter, percevoir et r\u00e9v\u00e9ler votre souverainet\u00e9 int\u00e9rieure.\" \/>\n<meta name=\"robots\" content=\"index, follow, max-snippet:-1, max-image-preview:large, max-video-preview:-1\" \/>\n<link rel=\"canonical\" href=\"https:\/\/www.coeurscollectif.fr\/web\/\" \/>\n<meta property=\"og:locale\" content=\"fr_FR\" \/>\n<meta property=\"og:type\" content=\"article\" \/>\n<meta property=\"og:title\" content=\"Accueil - C\u0153urs Collectif, agir \u00e0 partir de l&#039;Etre !\" \/>\n<meta property=\"og:description\" content=\"C\u0153urs Collectif vous propose des s\u00e9ances individuelles pour exp\u00e9rimenter, percevoir et r\u00e9v\u00e9ler votre souverainet\u00e9 int\u00e9rieure.\" \/>\n<meta property=\"og:url\" content=\"https:\/\/www.coeurscollectif.fr\/web\/\" \/>\n<meta property=\"og:site_name\" content=\"C\u0153urs Collectif\" \/>\n<meta property=\"article:publisher\" content=\"https:\/\/www.facebook.com\/coeurscollectif\" \/>\n<meta property=\"article:modified_time\" content=\"2025-02-18T09:39:34+00:00\" \/>\n<meta name=\"twitter:card\" content=\"summary_large_image\" \/>\n<meta name=\"twitter:label1\" content=\"Dur\u00e9e de lecture estim\u00e9e\" \/>\n\t<meta name=\"twitter:data1\" content=\"1 minute\" \/>\n<script type=\"application\/ld+json\" class=\"yoast-schema-graph\">{\"@context\":\"https:\/\/schema.org\",\"@graph\":[{\"@type\":\"WebPage\",\"@id\":\"https:\/\/www.coeurscollectif.fr\/web\/\",\"url\":\"https:\/\/www.coeurscollectif.fr\/web\/\",\"name\":\"Accueil - C\u0153urs Collectif, agir \u00e0 partir de l'Etre !\",\"isPartOf\":{\"@id\":\"https:\/\/www.coeurscollectif.fr\/web\/#website\"},\"datePublished\":\"2022-10-26T08:29:34+00:00\",\"dateModified\":\"2025-02-18T09:39:34+00:00\",\"description\":\"C\u0153urs Collectif vous propose des s\u00e9ances individuelles pour exp\u00e9rimenter, percevoir et r\u00e9v\u00e9ler votre souverainet\u00e9 int\u00e9rieure.\",\"breadcrumb\":{\"@id\":\"https:\/\/www.coeurscollectif.fr\/web\/#breadcrumb\"},\"inLanguage\":\"fr-FR\",\"potentialAction\":[{\"@type\":\"ReadAction\",\"target\":[\"https:\/\/www.coeurscollectif.fr\/web\/\"]}]},{\"@type\":\"BreadcrumbList\",\"@id\":\"https:\/\/www.coeurscollectif.fr\/web\/#breadcrumb\",\"itemListElement\":[{\"@type\":\"ListItem\",\"position\":1,\"name\":\"Accueil\",\"item\":\"https:\/\/www.coeurscollectif.fr\/web\/\"},{\"@type\":\"ListItem\",\"position\":2,\"name\":\"Accueil\"}]},{\"@type\":\"WebSite\",\"@id\":\"https:\/\/www.coeurscollectif.fr\/web\/#website\",\"url\":\"https:\/\/www.coeurscollectif.fr\/web\/\",\"name\":\"C\u0153urs Collectif\",\"description\":\"\",\"potentialAction\":[{\"@type\":\"SearchAction\",\"target\":{\"@type\":\"EntryPoint\",\"urlTemplate\":\"https:\/\/www.coeurscollectif.fr\/web\/?s={search_term_string}\"},\"query-input\":{\"@type\":\"PropertyValueSpecification\",\"valueRequired\":true,\"valueName\":\"search_term_string\"}}],\"inLanguage\":\"fr-FR\"}]}<\/script>\n<!-- \/ Yoast SEO plugin. -->","yoast_head_json":{"title":"Accueil - C\u0153urs Collectif, agir \u00e0 partir de l'Etre !","description":"C\u0153urs Collectif vous propose des s\u00e9ances individuelles pour exp\u00e9rimenter, percevoir et r\u00e9v\u00e9ler votre souverainet\u00e9 int\u00e9rieure.","robots":{"index":"index","follow":"follow","max-snippet":"max-snippet:-1","max-image-preview":"max-image-preview:large","max-video-preview":"max-video-preview:-1"},"canonical":"https:\/\/www.coeurscollectif.fr\/web\/","og_locale":"fr_FR","og_type":"article","og_title":"Accueil - C\u0153urs Collectif, agir \u00e0 partir de l'Etre !","og_description":"C\u0153urs Collectif vous propose des s\u00e9ances individuelles pour exp\u00e9rimenter, percevoir et r\u00e9v\u00e9ler votre souverainet\u00e9 int\u00e9rieure.","og_url":"https:\/\/www.coeurscollectif.fr\/web\/","og_site_name":"C\u0153urs Collectif","article_publisher":"https:\/\/www.facebook.com\/coeurscollectif","article_modified_time":"2025-02-18T09:39:34+00:00","twitter_card":"summary_large_image","twitter_misc":{"Dur\u00e9e de lecture estim\u00e9e":"1 minute"},"schema":{"@context":"https:\/\/schema.org","@graph":[{"@type":"WebPage","@id":"https:\/\/www.coeurscollectif.fr\/web\/","url":"https:\/\/www.coeurscollectif.fr\/web\/","name":"Accueil - C\u0153urs Collectif, agir \u00e0 partir de l'Etre !","isPartOf":{"@id":"https:\/\/www.coeurscollectif.fr\/web\/#website"},"datePublished":"2022-10-26T08:29:34+00:00","dateModified":"2025-02-18T09:39:34+00:00","description":"C\u0153urs Collectif vous propose des s\u00e9ances individuelles pour exp\u00e9rimenter, percevoir et r\u00e9v\u00e9ler votre souverainet\u00e9 int\u00e9rieure.","breadcrumb":{"@id":"https:\/\/www.coeurscollectif.fr\/web\/#breadcrumb"},"inLanguage":"fr-FR","potentialAction":[{"@type":"ReadAction","target":["https:\/\/www.coeurscollectif.fr\/web\/"]}]},{"@type":"BreadcrumbList","@id":"https:\/\/www.coeurscollectif.fr\/web\/#breadcrumb","itemListElement":[{"@type":"ListItem","position":1,"name":"Accueil","item":"https:\/\/www.coeurscollectif.fr\/web\/"},{"@type":"ListItem","position":2,"name":"Accueil"}]},{"@type":"WebSite","@id":"https:\/\/www.coeurscollectif.fr\/web\/#website","url":"https:\/\/www.coeurscollectif.fr\/web\/","name":"C\u0153urs Collectif","description":"","potentialAction":[{"@type":"SearchAction","target":{"@type":"EntryPoint","urlTemplate":"https:\/\/www.coeurscollectif.fr\/web\/?s={search_term_string}"},"query-input":{"@type":"PropertyValueSpecification","valueRequired":true,"valueName":"search_term_string"}}],"inLanguage":"fr-FR"}]}},"_links":{"self":[{"href":"https:\/\/www.coeurscollectif.fr\/web\/wp-json\/wp\/v2\/pages\/3127","targetHints":{"allow":["GET"]}}],"collection":[{"href":"https:\/\/www.coeurscollectif.fr\/web\/wp-json\/wp\/v2\/pages"}],"about":[{"href":"https:\/\/www.coeurscollectif.fr\/web\/wp-json\/wp\/v2\/types\/page"}],"author":[{"embeddable":true,"href":"https:\/\/www.coeurscollectif.fr\/web\/wp-json\/wp\/v2\/users\/2"}],"replies":[{"embeddable":true,"href":"https:\/\/www.coeurscollectif.fr\/web\/wp-json\/wp\/v2\/comments?post=3127"}],"version-history":[{"count":21,"href":"https:\/\/www.coeurscollectif.fr\/web\/wp-json\/wp\/v2\/pages\/3127\/revisions"}],"predecessor-version":[{"id":3773,"href":"https:\/\/www.coeurscollectif.fr\/web\/wp-json\/wp\/v2\/pages\/3127\/revisions\/3773"}],"wp:attachment":[{"href":"https:\/\/www.coeurscollectif.fr\/web\/wp-json\/wp\/v2\/media?parent=3127"}],"curies":[{"name":"wp","href":"https:\/\/api.w.org\/{rel}","templated":true}]}}