{"id":2622,"date":"2022-10-17T10:29:49","date_gmt":"2022-10-17T08:29:49","guid":{"rendered":"https:\/\/www.coeurscollectif.fr\/web\/?page_id=2622"},"modified":"2025-02-13T18:02:16","modified_gmt":"2025-02-13T17:02:16","slug":"demarche","status":"publish","type":"page","link":"https:\/\/www.coeurscollectif.fr\/web\/demarche\/","title":{"rendered":"D\u00e9marche"},"content":{"rendered":"<p>[vc_row parallax_image=\u00a0\u00bb1739&Prime; css=\u00a0\u00bb.vc_custom_1666702121670{margin-right: 5% !important;margin-left: 5% !important;background-image: url(https:\/\/www.coeurscollectif.fr\/web\/wp-content\/uploads\/2022\/10\/main_soleil_adapte.jpg?id=3044) !important;}\u00a0\u00bb el_class=\u00a0\u00bbfondfixe\u00a0\u00bb][vc_column width=\u00a0\u00bb1\/2&Prime; el_class=\u00a0\u00bbcc-container\u00a0\u00bb][vc_column_text]<\/p>\n<h1 style=\"text-align: center;\"><span style=\"font-size: 44px;\">D\u00e9marche <\/span><\/h1>\n<h1 style=\"text-align: center;\"><span style=\"font-size: 44px;\">de C\u0153urs Collectif<\/span><\/h1>\n<p>[\/vc_column_text][vc_empty_space][vc_single_image image=\u00a0\u00bb3043&Prime; img_size=\u00a0\u00bbfull\u00a0\u00bb alignment=\u00a0\u00bbcenter\u00a0\u00bb el_class=\u00a0\u00bbonlymobile\u00a0\u00bb][vc_column_text]<strong>1\u00e8re \u00e9tape<\/strong> :<strong> Amplification de la qualit\u00e9 de pr\u00e9sence pour une meilleure disponibilit\u00e9 pour la s\u00e9ance.<\/strong><\/p>\n<p>Je s\u00e9lectionne si besoin une pratique qui va nous permettre d&rsquo;\u00eatre dans une pleine disponibilit\u00e9 int\u00e9rieure pour la s\u00e9ance.[\/vc_column_text][vc_empty_space][vc_column_text]<strong>2\u00e8me \u00e9tape<\/strong> : <strong>Partage du contexte actuel<\/strong><\/p>\n<p>La personne partage son contexte actuel avec tous les \u00e9l\u00e9ments qui peuvent apporter un \u00e9clairage sur la probl\u00e9matique ou le th\u00e8me abord\u00e9.[\/vc_column_text][vc_empty_space][vc_column_text]<\/p>\n<div class=\"wpb_text_column wpb_content_element \">\n<div class=\"wpb_wrapper\">\n<p><strong>3\u00e8me \u00e9tape<\/strong> :<strong> Identification de l&rsquo;intention (si besoin)<\/strong><\/p>\n<\/div>\n<\/div>\n<div class=\"wpb_text_column wpb_content_element \">\n<div class=\"wpb_wrapper\">\n<p>En partenariat avec moi, la personne discerne l&rsquo;intention de travail. Celle-ci va permettre d&rsquo;orienter dans la bonne direction le travail \u00e0 effectuer ensemble.<\/p>\n<\/div>\n<\/div>\n<p>[\/vc_column_text][vc_empty_space][vc_column_text]<\/p>\n<div class=\"wpb_text_column wpb_content_element \">\n<div class=\"wpb_wrapper\">\n<p><strong>4\u00e8me \u00e9tape<\/strong> :<strong> Identification des priorit\u00e9s de recherche<\/strong><\/p>\n<\/div>\n<\/div>\n<div class=\"wpb_text_column wpb_content_element \">\n<div class=\"wpb_wrapper\">\n<p>Gr\u00e2ce aux outils \u00e0 ma disposition, je me mets en recherche des priorit\u00e9s de travail en lien avec l&rsquo;intention identifi\u00e9e pr\u00e9alablement. Pour cela je me base sur ces 4 portes d&rsquo;entr\u00e9es :<\/p>\n<ul>\n<li>Fr\u00e9quences \u00e0 recevoir<\/li>\n<li>Prises de conscience \u00e0 r\u00e9aliser<\/li>\n<li>Travail \u00e9nerg\u00e9tique \u00e0 faire<\/li>\n<li>Actions \u00e0 poser<\/li>\n<\/ul><\/div>\n<\/div>\n<p>[\/vc_column_text][vc_empty_space][vc_column_text]<\/p>\n<div class=\"wpb_text_column wpb_content_element \">\n<div class=\"wpb_wrapper\">\n<div class=\"wpb_wrapper\">\n<p><strong>5\u00e8me \u00e9tape<\/strong> : <strong>Amplification de la qualit\u00e9 de pr\u00e9sence pour une meilleure int\u00e9gration de la s\u00e9ance.<\/strong><\/p>\n<p>Je s\u00e9lectionne si besoin une pratique qui va permettre une int\u00e9gration du v\u00e9cu de la s\u00e9ance.<\/p>\n<\/div>\n<\/div>\n<\/div>\n<p>[\/vc_column_text][vc_empty_space][vc_column_text]<\/p>\n<div class=\"wpb_text_column wpb_content_element \">\n<div class=\"wpb_wrapper\"><strong>6\u00e8me \u00e9tape<\/strong> <strong>: Remerciements<\/strong><\/div>\n<\/div>\n<div class=\"wpb_text_column wpb_content_element \">\n<div class=\"wpb_wrapper\">\n<p>Nous remercions la pr\u00e9sence de chacun.<\/p>\n<\/div>\n<\/div>\n<div class=\"vc_empty_space\"><\/div>\n<p>[\/vc_column_text][vc_empty_space]<div class=\"text-center id_169fb36689c66e66052238   animate-text\"><a href=\"https:\/\/www.coeurscollectif.fr\/web\/initiatrice\/\"  class=\"btn btn-md btn-dark btn-solid \">\n\t\t\t\t<span class=\"btn-text\">Initiatrice<\/span>\n\t\t\t<\/a><\/div><div class=\"custom-styles\" data-styles=\".id_169fb36689c66e66052238 .btn.btn-solid.custom:after { background-color: #ffb573; }\n\t\t\t.id_169fb36689c66e66052238 .btn.btn-outline.custom:after { border-color: #ffb573; }\n\t\t\t.id_169fb36689c66e66052238 .btn.custom.btn-underline:hover .btn-text:after { border-color:  #ffb573; }\"><\/div>[vc_empty_space][vc_empty_space][\/vc_column][vc_column width=\u00a0\u00bb1\/2&Prime;][\/vc_column][\/vc_row][vc_row full_width=\u00a0\u00bbstretch_row\u00a0\u00bb][vc_column][\/vc_column][\/vc_row]<\/p>\n","protected":false},"excerpt":{"rendered":"<p>[vc_row parallax_image=\u00a0\u00bb1739&Prime; css=\u00a0\u00bb.vc_custom_1666702121670{margin-right: 5% !important;margin-left: 5% !important;background-image: url(https:\/\/www.coeurscollectif.fr\/web\/wp-content\/uploads\/2022\/10\/main_soleil_adapte.jpg?id=3044) !important;}\u00a0\u00bb el_class=\u00a0\u00bbfondfixe\u00a0\u00bb][vc_column width=\u00a0\u00bb1\/2&Prime; el_class=\u00a0\u00bbcc-container\u00a0\u00bb][vc_column_text] D\u00e9marche de C\u0153urs Collectif [\/vc_column_text][vc_empty_space][vc_single_image image=\u00a0\u00bb3043&Prime; img_size=\u00a0\u00bbfull\u00a0\u00bb alignment=\u00a0\u00bbcenter\u00a0\u00bb el_class=\u00a0\u00bbonlymobile\u00a0\u00bb][vc_column_text]1\u00e8re \u00e9tape : Amplification de la qualit\u00e9 de pr\u00e9sence pour [&hellip;]<\/p>\n","protected":false},"author":2,"featured_media":0,"parent":0,"menu_order":0,"comment_status":"closed","ping_status":"closed","template":"","meta":{"footnotes":""},"class_list":["post-2622","page","type-page","status-publish","hentry"],"yoast_head":"<!-- This site is optimized with the Yoast SEO plugin v26.2 - https:\/\/yoast.com\/wordpress\/plugins\/seo\/ -->\n<title>D\u00e9marche - C\u0153urs Collectif, agir \u00e0 partir de l&#039;Etre !<\/title>\n<meta name=\"description\" content=\"Une d\u00e9marche bas\u00e9e \u00e0 la fois sur le cadre et le vivant pour permettre \u00e0 chacun de vivre son processus personnel et d&#039;en r\u00e9v\u00e9ler le meilleur.\" \/>\n<meta name=\"robots\" content=\"index, follow, max-snippet:-1, max-image-preview:large, max-video-preview:-1\" \/>\n<link rel=\"canonical\" href=\"https:\/\/www.coeurscollectif.fr\/web\/demarche\/\" \/>\n<meta property=\"og:locale\" content=\"fr_FR\" \/>\n<meta property=\"og:type\" content=\"article\" \/>\n<meta property=\"og:title\" content=\"D\u00e9marche - C\u0153urs Collectif, agir \u00e0 partir de l&#039;Etre !\" \/>\n<meta property=\"og:description\" content=\"Une d\u00e9marche bas\u00e9e \u00e0 la fois sur le cadre et le vivant pour permettre \u00e0 chacun de vivre son processus personnel et d&#039;en r\u00e9v\u00e9ler le meilleur.\" \/>\n<meta property=\"og:url\" content=\"https:\/\/www.coeurscollectif.fr\/web\/demarche\/\" \/>\n<meta property=\"og:site_name\" content=\"C\u0153urs Collectif\" \/>\n<meta property=\"article:publisher\" content=\"https:\/\/www.facebook.com\/coeurscollectif\" \/>\n<meta property=\"article:modified_time\" content=\"2025-02-13T17:02:16+00:00\" \/>\n<meta name=\"twitter:card\" content=\"summary_large_image\" \/>\n<meta name=\"twitter:label1\" content=\"Dur\u00e9e de lecture estim\u00e9e\" \/>\n\t<meta name=\"twitter:data1\" content=\"2 minutes\" \/>\n<script type=\"application\/ld+json\" class=\"yoast-schema-graph\">{\"@context\":\"https:\/\/schema.org\",\"@graph\":[{\"@type\":\"WebPage\",\"@id\":\"https:\/\/www.coeurscollectif.fr\/web\/demarche\/\",\"url\":\"https:\/\/www.coeurscollectif.fr\/web\/demarche\/\",\"name\":\"D\u00e9marche - C\u0153urs Collectif, agir \u00e0 partir de l'Etre !\",\"isPartOf\":{\"@id\":\"https:\/\/www.coeurscollectif.fr\/web\/#website\"},\"datePublished\":\"2022-10-17T08:29:49+00:00\",\"dateModified\":\"2025-02-13T17:02:16+00:00\",\"description\":\"Une d\u00e9marche bas\u00e9e \u00e0 la fois sur le cadre et le vivant pour permettre \u00e0 chacun de vivre son processus personnel et d'en r\u00e9v\u00e9ler le meilleur.\",\"breadcrumb\":{\"@id\":\"https:\/\/www.coeurscollectif.fr\/web\/demarche\/#breadcrumb\"},\"inLanguage\":\"fr-FR\",\"potentialAction\":[{\"@type\":\"ReadAction\",\"target\":[\"https:\/\/www.coeurscollectif.fr\/web\/demarche\/\"]}]},{\"@type\":\"BreadcrumbList\",\"@id\":\"https:\/\/www.coeurscollectif.fr\/web\/demarche\/#breadcrumb\",\"itemListElement\":[{\"@type\":\"ListItem\",\"position\":1,\"name\":\"Accueil\",\"item\":\"https:\/\/www.coeurscollectif.fr\/web\/\"},{\"@type\":\"ListItem\",\"position\":2,\"name\":\"D\u00e9marche\"}]},{\"@type\":\"WebSite\",\"@id\":\"https:\/\/www.coeurscollectif.fr\/web\/#website\",\"url\":\"https:\/\/www.coeurscollectif.fr\/web\/\",\"name\":\"C\u0153urs Collectif\",\"description\":\"\",\"potentialAction\":[{\"@type\":\"SearchAction\",\"target\":{\"@type\":\"EntryPoint\",\"urlTemplate\":\"https:\/\/www.coeurscollectif.fr\/web\/?s={search_term_string}\"},\"query-input\":{\"@type\":\"PropertyValueSpecification\",\"valueRequired\":true,\"valueName\":\"search_term_string\"}}],\"inLanguage\":\"fr-FR\"}]}<\/script>\n<!-- \/ Yoast SEO plugin. -->","yoast_head_json":{"title":"D\u00e9marche - C\u0153urs Collectif, agir \u00e0 partir de l'Etre !","description":"Une d\u00e9marche bas\u00e9e \u00e0 la fois sur le cadre et le vivant pour permettre \u00e0 chacun de vivre son processus personnel et d'en r\u00e9v\u00e9ler le meilleur.","robots":{"index":"index","follow":"follow","max-snippet":"max-snippet:-1","max-image-preview":"max-image-preview:large","max-video-preview":"max-video-preview:-1"},"canonical":"https:\/\/www.coeurscollectif.fr\/web\/demarche\/","og_locale":"fr_FR","og_type":"article","og_title":"D\u00e9marche - C\u0153urs Collectif, agir \u00e0 partir de l'Etre !","og_description":"Une d\u00e9marche bas\u00e9e \u00e0 la fois sur le cadre et le vivant pour permettre \u00e0 chacun de vivre son processus personnel et d'en r\u00e9v\u00e9ler le meilleur.","og_url":"https:\/\/www.coeurscollectif.fr\/web\/demarche\/","og_site_name":"C\u0153urs Collectif","article_publisher":"https:\/\/www.facebook.com\/coeurscollectif","article_modified_time":"2025-02-13T17:02:16+00:00","twitter_card":"summary_large_image","twitter_misc":{"Dur\u00e9e de lecture estim\u00e9e":"2 minutes"},"schema":{"@context":"https:\/\/schema.org","@graph":[{"@type":"WebPage","@id":"https:\/\/www.coeurscollectif.fr\/web\/demarche\/","url":"https:\/\/www.coeurscollectif.fr\/web\/demarche\/","name":"D\u00e9marche - C\u0153urs Collectif, agir \u00e0 partir de l'Etre !","isPartOf":{"@id":"https:\/\/www.coeurscollectif.fr\/web\/#website"},"datePublished":"2022-10-17T08:29:49+00:00","dateModified":"2025-02-13T17:02:16+00:00","description":"Une d\u00e9marche bas\u00e9e \u00e0 la fois sur le cadre et le vivant pour permettre \u00e0 chacun de vivre son processus personnel et d'en r\u00e9v\u00e9ler le meilleur.","breadcrumb":{"@id":"https:\/\/www.coeurscollectif.fr\/web\/demarche\/#breadcrumb"},"inLanguage":"fr-FR","potentialAction":[{"@type":"ReadAction","target":["https:\/\/www.coeurscollectif.fr\/web\/demarche\/"]}]},{"@type":"BreadcrumbList","@id":"https:\/\/www.coeurscollectif.fr\/web\/demarche\/#breadcrumb","itemListElement":[{"@type":"ListItem","position":1,"name":"Accueil","item":"https:\/\/www.coeurscollectif.fr\/web\/"},{"@type":"ListItem","position":2,"name":"D\u00e9marche"}]},{"@type":"WebSite","@id":"https:\/\/www.coeurscollectif.fr\/web\/#website","url":"https:\/\/www.coeurscollectif.fr\/web\/","name":"C\u0153urs Collectif","description":"","potentialAction":[{"@type":"SearchAction","target":{"@type":"EntryPoint","urlTemplate":"https:\/\/www.coeurscollectif.fr\/web\/?s={search_term_string}"},"query-input":{"@type":"PropertyValueSpecification","valueRequired":true,"valueName":"search_term_string"}}],"inLanguage":"fr-FR"}]}},"_links":{"self":[{"href":"https:\/\/www.coeurscollectif.fr\/web\/wp-json\/wp\/v2\/pages\/2622","targetHints":{"allow":["GET"]}}],"collection":[{"href":"https:\/\/www.coeurscollectif.fr\/web\/wp-json\/wp\/v2\/pages"}],"about":[{"href":"https:\/\/www.coeurscollectif.fr\/web\/wp-json\/wp\/v2\/types\/page"}],"author":[{"embeddable":true,"href":"https:\/\/www.coeurscollectif.fr\/web\/wp-json\/wp\/v2\/users\/2"}],"replies":[{"embeddable":true,"href":"https:\/\/www.coeurscollectif.fr\/web\/wp-json\/wp\/v2\/comments?post=2622"}],"version-history":[{"count":18,"href":"https:\/\/www.coeurscollectif.fr\/web\/wp-json\/wp\/v2\/pages\/2622\/revisions"}],"predecessor-version":[{"id":3786,"href":"https:\/\/www.coeurscollectif.fr\/web\/wp-json\/wp\/v2\/pages\/2622\/revisions\/3786"}],"wp:attachment":[{"href":"https:\/\/www.coeurscollectif.fr\/web\/wp-json\/wp\/v2\/media?parent=2622"}],"curies":[{"name":"wp","href":"https:\/\/api.w.org\/{rel}","templated":true}]}}