{"id":2602,"date":"2022-10-16T12:00:00","date_gmt":"2022-10-16T10:00:00","guid":{"rendered":"https:\/\/www.coeurscollectif.fr\/web\/?page_id=2602"},"modified":"2024-06-10T15:14:32","modified_gmt":"2024-06-10T13:14:32","slug":"contact-4","status":"publish","type":"page","link":"https:\/\/www.coeurscollectif.fr\/web\/contact-4\/","title":{"rendered":"Contact"},"content":{"rendered":"<p>[vc_row content_placement=\u00a0\u00bbtop\u00a0\u00bb parallax_image=\u00a0\u00bb1739&Prime; css=\u00a0\u00bb.vc_custom_1666701680582{margin-right: 5% !important;margin-left: 5% !important;background-image: url(https:\/\/www.coeurscollectif.fr\/web\/wp-content\/uploads\/2022\/10\/ciel_coeur_adapte.jpg?id=3032) !important;}\u00a0\u00bb el_class=\u00a0\u00bbfondfixe\u00a0\u00bb][vc_column width=\u00a0\u00bb1\/2&Prime; el_class=\u00a0\u00bbcc-container\u00a0\u00bb][vc_column_text]<\/p>\n<h1 style=\"text-align: center;\"><span style=\"font-size: 44px;\">Contact<\/span><\/h1>\n<p>[\/vc_column_text][vc_empty_space height=\u00a0\u00bb30px\u00a0\u00bb][vc_column_text]<\/p>\n<p style=\"text-align: center;\"><span style=\"font-size: 18px;\"><strong>C\u00e9cile Priou &#8211; <\/strong><strong><span id=\"eeb-116885-103670\"><\/span><script type=\"text\/javascript\">(function(){var ml=\"21%570496\",mi=\"5820545205732058020561\",o=\"\";for(var j=0,l=mi.length;j<l;j++){o+=ml.charAt(mi.charCodeAt(j)-48);}document.getElementById(\"eeb-116885-103670\").innerHTML = decodeURIComponent(o);}());<\/script><noscript>*protected email*<\/noscript><\/strong><\/span><\/p>\n<p>[\/vc_column_text][vc_column_text]<\/p>\n<p style=\"text-align: center;\"><span style=\"font-size: 18px;\"><strong><a href=\"mailto:cecilepriou@coeurscollectif.fr\">cecilepriou@coeurscollectif.fr<\/a><\/strong><strong>\u00a0<\/strong><\/span><\/p><p><span style=\"font-size: 10px;\">En envoyant un email, vous consentez \u00e0 ce que C\u00e9cile Priou \/ C\u0153urs Collectif, en sa qualit\u00e9 de responsable de traitement, collecte vos donn\u00e9es afin de pouvoir r\u00e9pondre \u00e0 votre message et vous envoyer des communications \u00e0 propos des offres de Coeurs Collectif. Pour faire valoir votre droit d\u2019acc\u00e8s ou d\u2019effacement, consultez <a href=\"https:\/\/www.coeurscollectif.fr\/web\/politique-confidentialite\/\">la politique de confidentialit\u00e9<\/a>.<\/span>[\/vc_column_text][vc_empty_space height=\u00a0\u00bb30px\u00a0\u00bb][vc_empty_space height=\u00a0\u00bb30px\u00a0\u00bb][vc_column_text]<\/p>\n<h2 style=\"text-align: center;\">Et aussi sur&#8230;<\/h2>\n<p>[\/vc_column_text][vc_empty_space height=\u00a0\u00bb20px\u00a0\u00bb]<div class=\"text-center id_169fb34b4d7c13812646792   animate-text\"><a href=\"https:\/\/t.me\/+zbi0YHABFhA0ZTY8\" target='_blank' class=\"btn btn-sm btn-dark btn-solid \">\n\t\t\t\t<span class=\"btn-text\">TELEGRAM<\/span>\n\t\t\t<\/a><\/div><div class=\"custom-styles\" data-styles=\".id_169fb34b4d7c13812646792 .btn.btn-solid.custom:after { background-color: #ffb573; }\n\t\t\t.id_169fb34b4d7c13812646792 .btn.btn-outline.custom:after { border-color: #ffb573; }\n\t\t\t.id_169fb34b4d7c13812646792 .btn.custom.btn-underline:hover .btn-text:after { border-color:  #ffb573; }\"><\/div>[vc_empty_space height=\u00a0\u00bb20px\u00a0\u00bb][vc_empty_space height=\u00a0\u00bb20px\u00a0\u00bb]<div class=\"text-center id_169fb34b4d7c4d379983735   animate-text\"><a href=\"https:\/\/www.linkedin.com\/in\/c%C3%A9cile-priou-14443375\/\" target='_blank' class=\"btn btn-sm btn-dark btn-solid \">\n\t\t\t\t<span class=\"btn-text\">LINKEDIN<\/span>\n\t\t\t<\/a><\/div><div class=\"custom-styles\" data-styles=\".id_169fb34b4d7c4d379983735 .btn.btn-solid.custom:after { background-color: #ffb573; }\n\t\t\t.id_169fb34b4d7c4d379983735 .btn.btn-outline.custom:after { border-color: #ffb573; }\n\t\t\t.id_169fb34b4d7c4d379983735 .btn.custom.btn-underline:hover .btn-text:after { border-color:  #ffb573; }\"><\/div>[vc_empty_space height=\u00a0\u00bb20px\u00a0\u00bb][vc_empty_space height=\u00a0\u00bb20px\u00a0\u00bb]<div class=\"text-center id_169fb34b4d7c5d1144101965   animate-text\"><a href=\"https:\/\/www.facebook.com\/coeurscollectif\" target='_blank' class=\"btn btn-sm btn-dark btn-solid \">\n\t\t\t\t<span class=\"btn-text\">FACEBOOK<\/span>\n\t\t\t<\/a><\/div><div class=\"custom-styles\" data-styles=\".id_169fb34b4d7c5d1144101965 .btn.btn-solid.custom:after { background-color: #ffb573; }\n\t\t\t.id_169fb34b4d7c5d1144101965 .btn.btn-outline.custom:after { border-color: #ffb573; }\n\t\t\t.id_169fb34b4d7c5d1144101965 .btn.custom.btn-underline:hover .btn-text:after { border-color:  #ffb573; }\"><\/div>[vc_empty_space][vc_empty_space][vc_empty_space][\/vc_column][vc_column width=\u00a0\u00bb1\/2&Prime;][\/vc_column][\/vc_row][vc_row full_width=\u00a0\u00bbstretch_row\u00a0\u00bb][vc_column][\/vc_column][\/vc_row]<\/p>\n","protected":false},"excerpt":{"rendered":"<p>[vc_row content_placement=\u00a0\u00bbtop\u00a0\u00bb parallax_image=\u00a0\u00bb1739&Prime; css=\u00a0\u00bb.vc_custom_1666701680582{margin-right: 5% !important;margin-left: 5% !important;background-image: url(https:\/\/www.coeurscollectif.fr\/web\/wp-content\/uploads\/2022\/10\/ciel_coeur_adapte.jpg?id=3032) !important;}\u00a0\u00bb el_class=\u00a0\u00bbfondfixe\u00a0\u00bb][vc_column width=\u00a0\u00bb1\/2&Prime; el_class=\u00a0\u00bbcc-container\u00a0\u00bb][vc_column_text] Contact [\/vc_column_text][vc_empty_space height=\u00a0\u00bb30px\u00a0\u00bb][vc_column_text] C\u00e9cile Priou &#8211; [\/vc_column_text][vc_column_text] cecilepriou@coeurscollectif.fr\u00a0En envoyant un email, vous consentez \u00e0 ce que C\u00e9cile [&hellip;]<\/p>\n","protected":false},"author":2,"featured_media":0,"parent":0,"menu_order":0,"comment_status":"closed","ping_status":"closed","template":"","meta":{"footnotes":""},"class_list":["post-2602","page","type-page","status-publish","hentry"],"yoast_head":"<!-- This site is optimized with the Yoast SEO plugin v26.2 - https:\/\/yoast.com\/wordpress\/plugins\/seo\/ -->\n<title>Contact - C\u0153urs Collectif, agir \u00e0 partir de l&#039;Etre !<\/title>\n<meta name=\"description\" content=\"www.coeurscollectif.fr, cecilepriou@coeurscollectif.fr, 06 70 95 62 41, au plaisir de vous rencontrer en individuel.\" \/>\n<meta name=\"robots\" content=\"index, follow, max-snippet:-1, max-image-preview:large, max-video-preview:-1\" \/>\n<link rel=\"canonical\" href=\"https:\/\/www.coeurscollectif.fr\/web\/contact-4\/\" \/>\n<meta property=\"og:locale\" content=\"fr_FR\" \/>\n<meta property=\"og:type\" content=\"article\" \/>\n<meta property=\"og:title\" content=\"Contact - C\u0153urs Collectif, agir \u00e0 partir de l&#039;Etre !\" \/>\n<meta property=\"og:description\" content=\"www.coeurscollectif.fr, cecilepriou@coeurscollectif.fr, 06 70 95 62 41, au plaisir de vous rencontrer en individuel.\" \/>\n<meta property=\"og:url\" content=\"https:\/\/www.coeurscollectif.fr\/web\/contact-4\/\" \/>\n<meta property=\"og:site_name\" content=\"C\u0153urs Collectif\" \/>\n<meta property=\"article:publisher\" content=\"https:\/\/www.facebook.com\/coeurscollectif\" \/>\n<meta property=\"article:modified_time\" content=\"2024-06-10T13:14:32+00:00\" \/>\n<meta name=\"twitter:card\" content=\"summary_large_image\" \/>\n<meta name=\"twitter:label1\" content=\"Dur\u00e9e de lecture estim\u00e9e\" \/>\n\t<meta name=\"twitter:data1\" content=\"1 minute\" \/>\n<script type=\"application\/ld+json\" class=\"yoast-schema-graph\">{\"@context\":\"https:\/\/schema.org\",\"@graph\":[{\"@type\":\"WebPage\",\"@id\":\"https:\/\/www.coeurscollectif.fr\/web\/contact-4\/\",\"url\":\"https:\/\/www.coeurscollectif.fr\/web\/contact-4\/\",\"name\":\"Contact - C\u0153urs Collectif, agir \u00e0 partir de l'Etre !\",\"isPartOf\":{\"@id\":\"https:\/\/www.coeurscollectif.fr\/web\/#website\"},\"datePublished\":\"2022-10-16T10:00:00+00:00\",\"dateModified\":\"2024-06-10T13:14:32+00:00\",\"description\":\"www.coeurscollectif.fr, cecilepriou@coeurscollectif.fr, 06 70 95 62 41, au plaisir de vous rencontrer en individuel.\",\"breadcrumb\":{\"@id\":\"https:\/\/www.coeurscollectif.fr\/web\/contact-4\/#breadcrumb\"},\"inLanguage\":\"fr-FR\",\"potentialAction\":[{\"@type\":\"ReadAction\",\"target\":[\"https:\/\/www.coeurscollectif.fr\/web\/contact-4\/\"]}]},{\"@type\":\"BreadcrumbList\",\"@id\":\"https:\/\/www.coeurscollectif.fr\/web\/contact-4\/#breadcrumb\",\"itemListElement\":[{\"@type\":\"ListItem\",\"position\":1,\"name\":\"Accueil\",\"item\":\"https:\/\/www.coeurscollectif.fr\/web\/\"},{\"@type\":\"ListItem\",\"position\":2,\"name\":\"Contact\"}]},{\"@type\":\"WebSite\",\"@id\":\"https:\/\/www.coeurscollectif.fr\/web\/#website\",\"url\":\"https:\/\/www.coeurscollectif.fr\/web\/\",\"name\":\"C\u0153urs Collectif\",\"description\":\"\",\"potentialAction\":[{\"@type\":\"SearchAction\",\"target\":{\"@type\":\"EntryPoint\",\"urlTemplate\":\"https:\/\/www.coeurscollectif.fr\/web\/?s={search_term_string}\"},\"query-input\":{\"@type\":\"PropertyValueSpecification\",\"valueRequired\":true,\"valueName\":\"search_term_string\"}}],\"inLanguage\":\"fr-FR\"}]}<\/script>\n<!-- \/ Yoast SEO plugin. -->","yoast_head_json":{"title":"Contact - C\u0153urs Collectif, agir \u00e0 partir de l'Etre !","description":"www.coeurscollectif.fr, cecilepriou@coeurscollectif.fr, 06 70 95 62 41, au plaisir de vous rencontrer en individuel.","robots":{"index":"index","follow":"follow","max-snippet":"max-snippet:-1","max-image-preview":"max-image-preview:large","max-video-preview":"max-video-preview:-1"},"canonical":"https:\/\/www.coeurscollectif.fr\/web\/contact-4\/","og_locale":"fr_FR","og_type":"article","og_title":"Contact - C\u0153urs Collectif, agir \u00e0 partir de l'Etre !","og_description":"www.coeurscollectif.fr, cecilepriou@coeurscollectif.fr, 06 70 95 62 41, au plaisir de vous rencontrer en individuel.","og_url":"https:\/\/www.coeurscollectif.fr\/web\/contact-4\/","og_site_name":"C\u0153urs Collectif","article_publisher":"https:\/\/www.facebook.com\/coeurscollectif","article_modified_time":"2024-06-10T13:14:32+00:00","twitter_card":"summary_large_image","twitter_misc":{"Dur\u00e9e de lecture estim\u00e9e":"1 minute"},"schema":{"@context":"https:\/\/schema.org","@graph":[{"@type":"WebPage","@id":"https:\/\/www.coeurscollectif.fr\/web\/contact-4\/","url":"https:\/\/www.coeurscollectif.fr\/web\/contact-4\/","name":"Contact - C\u0153urs Collectif, agir \u00e0 partir de l'Etre !","isPartOf":{"@id":"https:\/\/www.coeurscollectif.fr\/web\/#website"},"datePublished":"2022-10-16T10:00:00+00:00","dateModified":"2024-06-10T13:14:32+00:00","description":"www.coeurscollectif.fr, cecilepriou@coeurscollectif.fr, 06 70 95 62 41, au plaisir de vous rencontrer en individuel.","breadcrumb":{"@id":"https:\/\/www.coeurscollectif.fr\/web\/contact-4\/#breadcrumb"},"inLanguage":"fr-FR","potentialAction":[{"@type":"ReadAction","target":["https:\/\/www.coeurscollectif.fr\/web\/contact-4\/"]}]},{"@type":"BreadcrumbList","@id":"https:\/\/www.coeurscollectif.fr\/web\/contact-4\/#breadcrumb","itemListElement":[{"@type":"ListItem","position":1,"name":"Accueil","item":"https:\/\/www.coeurscollectif.fr\/web\/"},{"@type":"ListItem","position":2,"name":"Contact"}]},{"@type":"WebSite","@id":"https:\/\/www.coeurscollectif.fr\/web\/#website","url":"https:\/\/www.coeurscollectif.fr\/web\/","name":"C\u0153urs Collectif","description":"","potentialAction":[{"@type":"SearchAction","target":{"@type":"EntryPoint","urlTemplate":"https:\/\/www.coeurscollectif.fr\/web\/?s={search_term_string}"},"query-input":{"@type":"PropertyValueSpecification","valueRequired":true,"valueName":"search_term_string"}}],"inLanguage":"fr-FR"}]}},"_links":{"self":[{"href":"https:\/\/www.coeurscollectif.fr\/web\/wp-json\/wp\/v2\/pages\/2602","targetHints":{"allow":["GET"]}}],"collection":[{"href":"https:\/\/www.coeurscollectif.fr\/web\/wp-json\/wp\/v2\/pages"}],"about":[{"href":"https:\/\/www.coeurscollectif.fr\/web\/wp-json\/wp\/v2\/types\/page"}],"author":[{"embeddable":true,"href":"https:\/\/www.coeurscollectif.fr\/web\/wp-json\/wp\/v2\/users\/2"}],"replies":[{"embeddable":true,"href":"https:\/\/www.coeurscollectif.fr\/web\/wp-json\/wp\/v2\/comments?post=2602"}],"version-history":[{"count":17,"href":"https:\/\/www.coeurscollectif.fr\/web\/wp-json\/wp\/v2\/pages\/2602\/revisions"}],"predecessor-version":[{"id":3687,"href":"https:\/\/www.coeurscollectif.fr\/web\/wp-json\/wp\/v2\/pages\/2602\/revisions\/3687"}],"wp:attachment":[{"href":"https:\/\/www.coeurscollectif.fr\/web\/wp-json\/wp\/v2\/media?parent=2602"}],"curies":[{"name":"wp","href":"https:\/\/api.w.org\/{rel}","templated":true}]}}