{"id":2597,"date":"2022-10-16T11:53:26","date_gmt":"2022-10-16T09:53:26","guid":{"rendered":"https:\/\/www.coeurscollectif.fr\/web\/?page_id=2597"},"modified":"2025-10-21T10:16:39","modified_gmt":"2025-10-21T08:16:39","slug":"initiatrice","status":"publish","type":"page","link":"https:\/\/www.coeurscollectif.fr\/web\/initiatrice\/","title":{"rendered":"Initiatrice"},"content":{"rendered":"<p>[vc_row el_id=\u00a0\u00bbresume\u00a0\u00bb css=\u00a0\u00bb.vc_custom_1682498919375{margin-right: 5% !important;margin-left: 5% !important;background-image: url(https:\/\/www.coeurscollectif.fr\/web\/wp-content\/uploads\/2023\/04\/Photo_Cecile.jpg?id=3619) !important;}\u00a0\u00bb el_class=\u00a0\u00bbfondfixe\u00a0\u00bb][vc_column width=\u00a0\u00bb1\/2&Prime; el_class=\u00a0\u00bbcc-container\u00a0\u00bb][vc_column_text]<\/p>\n<h1 style=\"text-align: center;\"><span style=\"font-size: 44px;\">Initiatrice<\/span><\/h1>\n<h2 style=\"text-align: center;\"><span style=\"font-size: 24px;\">Au service du processus personnel de chacun<\/span><\/h2>\n<p>[\/vc_column_text][vc_single_image image=\u00a0\u00bb3611&Prime; img_size=\u00a0\u00bbfull\u00a0\u00bb alignment=\u00a0\u00bbcenter\u00a0\u00bb el_class=\u00a0\u00bbonlymobile\u00a0\u00bb][vc_empty_space][vc_column_text]<\/p>\n<p style=\"text-align: center;\">Je suis C\u00e9cile Priou, je suis n\u00e9e en 1979.<\/p>\n<p style=\"text-align: center;\">J\u2019ai eu diverses exp\u00e9riences professionnelles depuis 2004 (animatrice scientifique, professeur des \u00e9coles, coordinatrice de projets, fondatrice d\u2019une \u00e9cole alternative\u2026) qui m\u2019ont toutes amen\u00e9es \u00e0 chercher l\u2019<strong>essence de la dynamique de d\u00e9veloppement<\/strong> pour les collectifs et les individus.<\/p>\n<p style=\"text-align: center;\">Apr\u00e8s tout un parcours de d\u00e9veloppement personnel depuis 2006 (coaching, lectures, m\u00e9ditations, constellations familiales \u2026), de 2017 \u00e0 2021, je me suis form\u00e9e aupr\u00e8s des fr\u00e8res Nding, avec <strong><a href=\"https:\/\/www.youtube.com\/c\/NgubNding\" target=\"_blank\" rel=\"noopener\">Ngub Nding<\/a>\u00a0<\/strong>pour <strong>la dimension globale de la personne<\/strong> et avec\u00a0<strong><a href=\"https:\/\/bumpyleads.com\/\" target=\"_blank\" rel=\"noopener\">Oob Nding<\/a><\/strong> dans <strong>le d\u00e9veloppement d\u2019entreprise<\/strong>.\u00a0 Cela m\u2019a permis d\u2019utiliser et de cr\u00e9er de nombreux supports (grilles de lecture, sch\u00e9mas, g\u00e9om\u00e9trie\u2026) que j&rsquo;utilise au sein de mes s\u00e9ances d&rsquo;accompagnement. Ensuite <strong>je pratique le test musculaire<\/strong> (kin\u00e9siologie) pour s\u00e9lectionner ce qui va \u00eatre le plus pertinent pour accompagner les diff\u00e9rentes situations.<\/p>\n<p>[\/vc_column_text][vc_empty_space]<div class=\"text-center id_169fb3515efa7b754666657   animate-text\"><a href=\"https:\/\/www.coeurscollectif.fr\/web\/monparcours\/\"  class=\"btn btn-sm btn-dark btn-solid \">\n\t\t\t\t<span class=\"btn-text\">D\u00e9tails de mon parcours<\/span>\n\t\t\t<\/a><\/div><div class=\"custom-styles\" data-styles=\".id_169fb3515efa7b754666657 .btn.btn-solid.custom:after { background-color: #ffb573; }\n\t\t\t.id_169fb3515efa7b754666657 .btn.btn-outline.custom:after { border-color: #ffb573; }\n\t\t\t.id_169fb3515efa7b754666657 .btn.custom.btn-underline:hover .btn-text:after { border-color:  #ffb573; }\"><\/div>[vc_empty_space][vc_empty_space][vc_empty_space][\/vc_column][vc_column width=\u00a0\u00bb1\/2&Prime;][\/vc_column][\/vc_row]<\/p>\n","protected":false},"excerpt":{"rendered":"<p>[vc_row el_id=\u00a0\u00bbresume\u00a0\u00bb css=\u00a0\u00bb.vc_custom_1682498919375{margin-right: 5% !important;margin-left: 5% !important;background-image: url(https:\/\/www.coeurscollectif.fr\/web\/wp-content\/uploads\/2023\/04\/Photo_Cecile.jpg?id=3619) !important;}\u00a0\u00bb el_class=\u00a0\u00bbfondfixe\u00a0\u00bb][vc_column width=\u00a0\u00bb1\/2&Prime; el_class=\u00a0\u00bbcc-container\u00a0\u00bb][vc_column_text] Initiatrice Au service du processus personnel de chacun [\/vc_column_text][vc_single_image image=\u00a0\u00bb3611&Prime; img_size=\u00a0\u00bbfull\u00a0\u00bb alignment=\u00a0\u00bbcenter\u00a0\u00bb el_class=\u00a0\u00bbonlymobile\u00a0\u00bb][vc_empty_space][vc_column_text] Je suis C\u00e9cile Priou, je [&hellip;]<\/p>\n","protected":false},"author":2,"featured_media":0,"parent":0,"menu_order":0,"comment_status":"closed","ping_status":"closed","template":"","meta":{"footnotes":""},"class_list":["post-2597","page","type-page","status-publish","hentry"],"yoast_head":"<!-- This site is optimized with the Yoast SEO plugin v26.2 - https:\/\/yoast.com\/wordpress\/plugins\/seo\/ -->\n<title>Initiatrice - C\u0153urs Collectif, agir \u00e0 partir de l&#039;Etre !<\/title>\n<meta name=\"description\" content=\"Au service du processus personnel de chacun\" \/>\n<meta name=\"robots\" content=\"index, follow, max-snippet:-1, max-image-preview:large, max-video-preview:-1\" \/>\n<link rel=\"canonical\" href=\"https:\/\/www.coeurscollectif.fr\/web\/initiatrice\/\" \/>\n<meta property=\"og:locale\" content=\"fr_FR\" \/>\n<meta property=\"og:type\" content=\"article\" \/>\n<meta property=\"og:title\" content=\"Initiatrice - C\u0153urs Collectif, agir \u00e0 partir de l&#039;Etre !\" \/>\n<meta property=\"og:description\" content=\"Au service du processus personnel de chacun\" \/>\n<meta property=\"og:url\" content=\"https:\/\/www.coeurscollectif.fr\/web\/initiatrice\/\" \/>\n<meta property=\"og:site_name\" content=\"C\u0153urs Collectif\" \/>\n<meta property=\"article:publisher\" content=\"https:\/\/www.facebook.com\/coeurscollectif\" \/>\n<meta property=\"article:modified_time\" content=\"2025-10-21T08:16:39+00:00\" \/>\n<meta name=\"twitter:card\" content=\"summary_large_image\" \/>\n<meta name=\"twitter:label1\" content=\"Dur\u00e9e de lecture estim\u00e9e\" \/>\n\t<meta name=\"twitter:data1\" content=\"1 minute\" \/>\n<script type=\"application\/ld+json\" class=\"yoast-schema-graph\">{\"@context\":\"https:\/\/schema.org\",\"@graph\":[{\"@type\":\"WebPage\",\"@id\":\"https:\/\/www.coeurscollectif.fr\/web\/initiatrice\/\",\"url\":\"https:\/\/www.coeurscollectif.fr\/web\/initiatrice\/\",\"name\":\"Initiatrice - C\u0153urs Collectif, agir \u00e0 partir de l'Etre !\",\"isPartOf\":{\"@id\":\"https:\/\/www.coeurscollectif.fr\/web\/#website\"},\"datePublished\":\"2022-10-16T09:53:26+00:00\",\"dateModified\":\"2025-10-21T08:16:39+00:00\",\"description\":\"Au service du processus personnel de chacun\",\"breadcrumb\":{\"@id\":\"https:\/\/www.coeurscollectif.fr\/web\/initiatrice\/#breadcrumb\"},\"inLanguage\":\"fr-FR\",\"potentialAction\":[{\"@type\":\"ReadAction\",\"target\":[\"https:\/\/www.coeurscollectif.fr\/web\/initiatrice\/\"]}]},{\"@type\":\"BreadcrumbList\",\"@id\":\"https:\/\/www.coeurscollectif.fr\/web\/initiatrice\/#breadcrumb\",\"itemListElement\":[{\"@type\":\"ListItem\",\"position\":1,\"name\":\"Accueil\",\"item\":\"https:\/\/www.coeurscollectif.fr\/web\/\"},{\"@type\":\"ListItem\",\"position\":2,\"name\":\"Initiatrice\"}]},{\"@type\":\"WebSite\",\"@id\":\"https:\/\/www.coeurscollectif.fr\/web\/#website\",\"url\":\"https:\/\/www.coeurscollectif.fr\/web\/\",\"name\":\"C\u0153urs Collectif\",\"description\":\"\",\"potentialAction\":[{\"@type\":\"SearchAction\",\"target\":{\"@type\":\"EntryPoint\",\"urlTemplate\":\"https:\/\/www.coeurscollectif.fr\/web\/?s={search_term_string}\"},\"query-input\":{\"@type\":\"PropertyValueSpecification\",\"valueRequired\":true,\"valueName\":\"search_term_string\"}}],\"inLanguage\":\"fr-FR\"}]}<\/script>\n<!-- \/ Yoast SEO plugin. -->","yoast_head_json":{"title":"Initiatrice - C\u0153urs Collectif, agir \u00e0 partir de l'Etre !","description":"Au service du processus personnel de chacun","robots":{"index":"index","follow":"follow","max-snippet":"max-snippet:-1","max-image-preview":"max-image-preview:large","max-video-preview":"max-video-preview:-1"},"canonical":"https:\/\/www.coeurscollectif.fr\/web\/initiatrice\/","og_locale":"fr_FR","og_type":"article","og_title":"Initiatrice - C\u0153urs Collectif, agir \u00e0 partir de l'Etre !","og_description":"Au service du processus personnel de chacun","og_url":"https:\/\/www.coeurscollectif.fr\/web\/initiatrice\/","og_site_name":"C\u0153urs Collectif","article_publisher":"https:\/\/www.facebook.com\/coeurscollectif","article_modified_time":"2025-10-21T08:16:39+00:00","twitter_card":"summary_large_image","twitter_misc":{"Dur\u00e9e de lecture estim\u00e9e":"1 minute"},"schema":{"@context":"https:\/\/schema.org","@graph":[{"@type":"WebPage","@id":"https:\/\/www.coeurscollectif.fr\/web\/initiatrice\/","url":"https:\/\/www.coeurscollectif.fr\/web\/initiatrice\/","name":"Initiatrice - C\u0153urs Collectif, agir \u00e0 partir de l'Etre !","isPartOf":{"@id":"https:\/\/www.coeurscollectif.fr\/web\/#website"},"datePublished":"2022-10-16T09:53:26+00:00","dateModified":"2025-10-21T08:16:39+00:00","description":"Au service du processus personnel de chacun","breadcrumb":{"@id":"https:\/\/www.coeurscollectif.fr\/web\/initiatrice\/#breadcrumb"},"inLanguage":"fr-FR","potentialAction":[{"@type":"ReadAction","target":["https:\/\/www.coeurscollectif.fr\/web\/initiatrice\/"]}]},{"@type":"BreadcrumbList","@id":"https:\/\/www.coeurscollectif.fr\/web\/initiatrice\/#breadcrumb","itemListElement":[{"@type":"ListItem","position":1,"name":"Accueil","item":"https:\/\/www.coeurscollectif.fr\/web\/"},{"@type":"ListItem","position":2,"name":"Initiatrice"}]},{"@type":"WebSite","@id":"https:\/\/www.coeurscollectif.fr\/web\/#website","url":"https:\/\/www.coeurscollectif.fr\/web\/","name":"C\u0153urs Collectif","description":"","potentialAction":[{"@type":"SearchAction","target":{"@type":"EntryPoint","urlTemplate":"https:\/\/www.coeurscollectif.fr\/web\/?s={search_term_string}"},"query-input":{"@type":"PropertyValueSpecification","valueRequired":true,"valueName":"search_term_string"}}],"inLanguage":"fr-FR"}]}},"_links":{"self":[{"href":"https:\/\/www.coeurscollectif.fr\/web\/wp-json\/wp\/v2\/pages\/2597","targetHints":{"allow":["GET"]}}],"collection":[{"href":"https:\/\/www.coeurscollectif.fr\/web\/wp-json\/wp\/v2\/pages"}],"about":[{"href":"https:\/\/www.coeurscollectif.fr\/web\/wp-json\/wp\/v2\/types\/page"}],"author":[{"embeddable":true,"href":"https:\/\/www.coeurscollectif.fr\/web\/wp-json\/wp\/v2\/users\/2"}],"replies":[{"embeddable":true,"href":"https:\/\/www.coeurscollectif.fr\/web\/wp-json\/wp\/v2\/comments?post=2597"}],"version-history":[{"count":11,"href":"https:\/\/www.coeurscollectif.fr\/web\/wp-json\/wp\/v2\/pages\/2597\/revisions"}],"predecessor-version":[{"id":3825,"href":"https:\/\/www.coeurscollectif.fr\/web\/wp-json\/wp\/v2\/pages\/2597\/revisions\/3825"}],"wp:attachment":[{"href":"https:\/\/www.coeurscollectif.fr\/web\/wp-json\/wp\/v2\/media?parent=2597"}],"curies":[{"name":"wp","href":"https:\/\/api.w.org\/{rel}","templated":true}]}}