{"id":2477,"date":"2022-10-12T10:39:09","date_gmt":"2022-10-12T08:39:09","guid":{"rendered":"https:\/\/www.coeurscollectif.fr\/web\/?page_id=2477"},"modified":"2025-02-13T17:59:37","modified_gmt":"2025-02-13T16:59:37","slug":"seance-individuelle","status":"publish","type":"page","link":"https:\/\/www.coeurscollectif.fr\/web\/seance-individuelle\/","title":{"rendered":"S\u00e9ance individuelle"},"content":{"rendered":"<p>[vc_row parallax_image=\u00a0\u00bb1739&Prime; css=\u00a0\u00bb.vc_custom_1666766670206{margin-right: 5% !important;margin-left: 5% !important;background-image: url(https:\/\/www.coeurscollectif.fr\/web\/wp-content\/uploads\/2022\/10\/mains_coucher_soleil_adapte.jpg?id=3048) !important;}\u00a0\u00bb el_class=\u00a0\u00bbfondfixe\u00a0\u00bb][vc_column width=\u00a0\u00bb1\/2&Prime; el_class=\u00a0\u00bbcc-container\u00a0\u00bb][vc_column_text]<\/p>\n<h1 style=\"text-align: center;\"><span style=\"font-size: 44px;\">S\u00e9ance individuelle<\/span><\/h1>\n<h1 style=\"text-align: center;\"><span style=\"font-size: 24px;\">Pour r\u00e9v\u00e9ler ce qui est le plus pr\u00e9cieux pour Soi<\/span><\/h1>\n<p>[\/vc_column_text][vc_single_image image=\u00a0\u00bb3064&Prime; img_size=\u00a0\u00bbfull\u00a0\u00bb alignment=\u00a0\u00bbcenter\u00a0\u00bb style=\u00a0\u00bbvc_box_border\u00a0\u00bb el_class=\u00a0\u00bbonlymobile\u00a0\u00bb][vc_empty_space][vc_column_text]<\/p>\n<ul>\n<li>Pour retrouver votre <strong>\u00e9tat d&rsquo;\u00e9quilibre<\/strong> \/ votre <strong>centrage<\/strong>.<\/li>\n<li>Pour <strong>se donner l&rsquo;espace<\/strong> d&rsquo;\u00eatre \u00e0 l&rsquo;\u00e9coute de ce qui a vraiment envie de se r\u00e9v\u00e9ler.<\/li>\n<li>Pour s&rsquo;offrir le <strong>temps d&rsquo;introspection n\u00e9cessaire<\/strong> \u00e0 toutes d\u00e9marches de transformation.<\/li>\n<li>Pour mieux <strong>percevoir<\/strong> <strong>les enjeux<\/strong> de la situation v\u00e9cue.<\/li>\n<li>Pour reprendre la <strong>pleine responsabilit\u00e9<\/strong> de votre v\u00e9cu.<\/li>\n<li>Pour aller en profondeur sur une <strong>intention<\/strong> discern\u00e9e ensemble.<\/li>\n<li>Pour <strong>d\u00e9bloquer<\/strong> une situation en respectant votre rythme et votre dynamique.<\/li>\n<li>Percevoir la <strong>justesse<\/strong> du moment.<\/li>\n<li>Pour apporter un\/ou plusieurs <strong>outils<\/strong> d&rsquo;accompagnement.<\/li>\n<\/ul>\n<p>[\/vc_column_text][vc_column_text]<\/p>\n<p style=\"text-align: center;\"><span style=\"font-size: 14px;\"><em><span style=\"font-family: georgia, palatino, serif;\"><strong>A qui s&rsquo;adresse l&rsquo;accompagnement de C\u0153urs Collectif ?<\/strong><\/span><\/em><\/span><\/p>\n<p style=\"text-align: center;\"><span style=\"font-size: 14px;\"><em><span style=\"font-family: georgia, palatino, serif;\"><strong>A toute personne qui cherche \u00e0 manifester des actions align\u00e9es \u00e0 leur Etre profond.<\/strong><\/span><\/em><\/span><\/p>\n<p>[\/vc_column_text][vc_empty_space][vc_column_text]<strong>Modalit\u00e9s<\/strong>\u00a0:<\/p>\n<ul>\n<li>La proposition de s\u00e9ance envoy\u00e9e par email au pr\u00e9alable.<\/li>\n<li>La s\u00e9ance par zoom d&rsquo;environ 1h30.<\/li>\n<li>Possibilit\u00e9 d&rsquo;enregistrer la s\u00e9ance.<\/li>\n<\/ul>\n<p>[\/vc_column_text][vc_empty_space]<div class=\"text-center id_169fb364cc7c45531196252   animate-text\"><a href=\"https:\/\/www.coeurscollectif.fr\/web\/temoignages\/\"  class=\"btn btn-md btn-dark btn-solid \">\n\t\t\t\t<span class=\"btn-text\">Les t\u00e9moignages<\/span>\n\t\t\t<\/a><\/div><div class=\"custom-styles\" data-styles=\".id_169fb364cc7c45531196252 .btn.btn-solid.custom:after { background-color: #ffb573; }\n\t\t\t.id_169fb364cc7c45531196252 .btn.btn-outline.custom:after { border-color: #ffb573; }\n\t\t\t.id_169fb364cc7c45531196252 .btn.custom.btn-underline:hover .btn-text:after { border-color:  #ffb573; }\"><\/div>[vc_empty_space][vc_empty_space][\/vc_column][vc_column width=\u00a0\u00bb1\/2&Prime;][\/vc_column][\/vc_row][vc_row full_width=\u00a0\u00bbstretch_row\u00a0\u00bb][vc_column][\/vc_column][\/vc_row]<\/p>\n","protected":false},"excerpt":{"rendered":"<p>[vc_row parallax_image=\u00a0\u00bb1739&Prime; css=\u00a0\u00bb.vc_custom_1666766670206{margin-right: 5% !important;margin-left: 5% !important;background-image: url(https:\/\/www.coeurscollectif.fr\/web\/wp-content\/uploads\/2022\/10\/mains_coucher_soleil_adapte.jpg?id=3048) !important;}\u00a0\u00bb el_class=\u00a0\u00bbfondfixe\u00a0\u00bb][vc_column width=\u00a0\u00bb1\/2&Prime; el_class=\u00a0\u00bbcc-container\u00a0\u00bb][vc_column_text] S\u00e9ance individuelle Pour r\u00e9v\u00e9ler ce qui est le plus pr\u00e9cieux pour Soi [\/vc_column_text][vc_single_image image=\u00a0\u00bb3064&Prime; img_size=\u00a0\u00bbfull\u00a0\u00bb alignment=\u00a0\u00bbcenter\u00a0\u00bb style=\u00a0\u00bbvc_box_border\u00a0\u00bb el_class=\u00a0\u00bbonlymobile\u00a0\u00bb][vc_empty_space][vc_column_text] [&hellip;]<\/p>\n","protected":false},"author":2,"featured_media":0,"parent":0,"menu_order":0,"comment_status":"closed","ping_status":"closed","template":"","meta":{"footnotes":""},"class_list":["post-2477","page","type-page","status-publish","hentry"],"yoast_head":"<!-- This site is optimized with the Yoast SEO plugin v26.2 - https:\/\/yoast.com\/wordpress\/plugins\/seo\/ -->\n<title>S\u00e9ance individuelle - C\u0153urs Collectif, agir \u00e0 partir de l&#039;Etre !<\/title>\n<meta name=\"description\" content=\"Une s\u00e9ance individuelle pour toute personne qui souhaite approfondir le contexte d\u2019une situation sp\u00e9cifique.\" \/>\n<meta name=\"robots\" content=\"index, follow, max-snippet:-1, max-image-preview:large, max-video-preview:-1\" \/>\n<link rel=\"canonical\" href=\"https:\/\/www.coeurscollectif.fr\/web\/seance-individuelle\/\" \/>\n<meta property=\"og:locale\" content=\"fr_FR\" \/>\n<meta property=\"og:type\" content=\"article\" \/>\n<meta property=\"og:title\" content=\"S\u00e9ance individuelle - C\u0153urs Collectif, agir \u00e0 partir de l&#039;Etre !\" \/>\n<meta property=\"og:description\" content=\"Une s\u00e9ance individuelle pour toute personne qui souhaite approfondir le contexte d\u2019une situation sp\u00e9cifique.\" \/>\n<meta property=\"og:url\" content=\"https:\/\/www.coeurscollectif.fr\/web\/seance-individuelle\/\" \/>\n<meta property=\"og:site_name\" content=\"C\u0153urs Collectif\" \/>\n<meta property=\"article:publisher\" content=\"https:\/\/www.facebook.com\/coeurscollectif\" \/>\n<meta property=\"article:modified_time\" content=\"2025-02-13T16:59:37+00:00\" \/>\n<meta name=\"twitter:card\" content=\"summary_large_image\" \/>\n<meta name=\"twitter:label1\" content=\"Dur\u00e9e de lecture estim\u00e9e\" \/>\n\t<meta name=\"twitter:data1\" content=\"1 minute\" \/>\n<script type=\"application\/ld+json\" class=\"yoast-schema-graph\">{\"@context\":\"https:\/\/schema.org\",\"@graph\":[{\"@type\":\"WebPage\",\"@id\":\"https:\/\/www.coeurscollectif.fr\/web\/seance-individuelle\/\",\"url\":\"https:\/\/www.coeurscollectif.fr\/web\/seance-individuelle\/\",\"name\":\"S\u00e9ance individuelle - C\u0153urs Collectif, agir \u00e0 partir de l'Etre !\",\"isPartOf\":{\"@id\":\"https:\/\/www.coeurscollectif.fr\/web\/#website\"},\"datePublished\":\"2022-10-12T08:39:09+00:00\",\"dateModified\":\"2025-02-13T16:59:37+00:00\",\"description\":\"Une s\u00e9ance individuelle pour toute personne qui souhaite approfondir le contexte d\u2019une situation sp\u00e9cifique.\",\"breadcrumb\":{\"@id\":\"https:\/\/www.coeurscollectif.fr\/web\/seance-individuelle\/#breadcrumb\"},\"inLanguage\":\"fr-FR\",\"potentialAction\":[{\"@type\":\"ReadAction\",\"target\":[\"https:\/\/www.coeurscollectif.fr\/web\/seance-individuelle\/\"]}]},{\"@type\":\"BreadcrumbList\",\"@id\":\"https:\/\/www.coeurscollectif.fr\/web\/seance-individuelle\/#breadcrumb\",\"itemListElement\":[{\"@type\":\"ListItem\",\"position\":1,\"name\":\"Accueil\",\"item\":\"https:\/\/www.coeurscollectif.fr\/web\/\"},{\"@type\":\"ListItem\",\"position\":2,\"name\":\"S\u00e9ance individuelle\"}]},{\"@type\":\"WebSite\",\"@id\":\"https:\/\/www.coeurscollectif.fr\/web\/#website\",\"url\":\"https:\/\/www.coeurscollectif.fr\/web\/\",\"name\":\"C\u0153urs Collectif\",\"description\":\"\",\"potentialAction\":[{\"@type\":\"SearchAction\",\"target\":{\"@type\":\"EntryPoint\",\"urlTemplate\":\"https:\/\/www.coeurscollectif.fr\/web\/?s={search_term_string}\"},\"query-input\":{\"@type\":\"PropertyValueSpecification\",\"valueRequired\":true,\"valueName\":\"search_term_string\"}}],\"inLanguage\":\"fr-FR\"}]}<\/script>\n<!-- \/ Yoast SEO plugin. -->","yoast_head_json":{"title":"S\u00e9ance individuelle - C\u0153urs Collectif, agir \u00e0 partir de l'Etre !","description":"Une s\u00e9ance individuelle pour toute personne qui souhaite approfondir le contexte d\u2019une situation sp\u00e9cifique.","robots":{"index":"index","follow":"follow","max-snippet":"max-snippet:-1","max-image-preview":"max-image-preview:large","max-video-preview":"max-video-preview:-1"},"canonical":"https:\/\/www.coeurscollectif.fr\/web\/seance-individuelle\/","og_locale":"fr_FR","og_type":"article","og_title":"S\u00e9ance individuelle - C\u0153urs Collectif, agir \u00e0 partir de l'Etre !","og_description":"Une s\u00e9ance individuelle pour toute personne qui souhaite approfondir le contexte d\u2019une situation sp\u00e9cifique.","og_url":"https:\/\/www.coeurscollectif.fr\/web\/seance-individuelle\/","og_site_name":"C\u0153urs Collectif","article_publisher":"https:\/\/www.facebook.com\/coeurscollectif","article_modified_time":"2025-02-13T16:59:37+00:00","twitter_card":"summary_large_image","twitter_misc":{"Dur\u00e9e de lecture estim\u00e9e":"1 minute"},"schema":{"@context":"https:\/\/schema.org","@graph":[{"@type":"WebPage","@id":"https:\/\/www.coeurscollectif.fr\/web\/seance-individuelle\/","url":"https:\/\/www.coeurscollectif.fr\/web\/seance-individuelle\/","name":"S\u00e9ance individuelle - C\u0153urs Collectif, agir \u00e0 partir de l'Etre !","isPartOf":{"@id":"https:\/\/www.coeurscollectif.fr\/web\/#website"},"datePublished":"2022-10-12T08:39:09+00:00","dateModified":"2025-02-13T16:59:37+00:00","description":"Une s\u00e9ance individuelle pour toute personne qui souhaite approfondir le contexte d\u2019une situation sp\u00e9cifique.","breadcrumb":{"@id":"https:\/\/www.coeurscollectif.fr\/web\/seance-individuelle\/#breadcrumb"},"inLanguage":"fr-FR","potentialAction":[{"@type":"ReadAction","target":["https:\/\/www.coeurscollectif.fr\/web\/seance-individuelle\/"]}]},{"@type":"BreadcrumbList","@id":"https:\/\/www.coeurscollectif.fr\/web\/seance-individuelle\/#breadcrumb","itemListElement":[{"@type":"ListItem","position":1,"name":"Accueil","item":"https:\/\/www.coeurscollectif.fr\/web\/"},{"@type":"ListItem","position":2,"name":"S\u00e9ance individuelle"}]},{"@type":"WebSite","@id":"https:\/\/www.coeurscollectif.fr\/web\/#website","url":"https:\/\/www.coeurscollectif.fr\/web\/","name":"C\u0153urs Collectif","description":"","potentialAction":[{"@type":"SearchAction","target":{"@type":"EntryPoint","urlTemplate":"https:\/\/www.coeurscollectif.fr\/web\/?s={search_term_string}"},"query-input":{"@type":"PropertyValueSpecification","valueRequired":true,"valueName":"search_term_string"}}],"inLanguage":"fr-FR"}]}},"_links":{"self":[{"href":"https:\/\/www.coeurscollectif.fr\/web\/wp-json\/wp\/v2\/pages\/2477","targetHints":{"allow":["GET"]}}],"collection":[{"href":"https:\/\/www.coeurscollectif.fr\/web\/wp-json\/wp\/v2\/pages"}],"about":[{"href":"https:\/\/www.coeurscollectif.fr\/web\/wp-json\/wp\/v2\/types\/page"}],"author":[{"embeddable":true,"href":"https:\/\/www.coeurscollectif.fr\/web\/wp-json\/wp\/v2\/users\/2"}],"replies":[{"embeddable":true,"href":"https:\/\/www.coeurscollectif.fr\/web\/wp-json\/wp\/v2\/comments?post=2477"}],"version-history":[{"count":19,"href":"https:\/\/www.coeurscollectif.fr\/web\/wp-json\/wp\/v2\/pages\/2477\/revisions"}],"predecessor-version":[{"id":3785,"href":"https:\/\/www.coeurscollectif.fr\/web\/wp-json\/wp\/v2\/pages\/2477\/revisions\/3785"}],"wp:attachment":[{"href":"https:\/\/www.coeurscollectif.fr\/web\/wp-json\/wp\/v2\/media?parent=2477"}],"curies":[{"name":"wp","href":"https:\/\/api.w.org\/{rel}","templated":true}]}}